{"id":871,"date":"2018-01-26T15:12:22","date_gmt":"2018-01-26T15:12:22","guid":{"rendered":"http:\/\/www.happyenglish.cat\/infantil-primaria\/"},"modified":"2023-03-02T13:46:40","modified_gmt":"2023-03-02T13:46:40","slug":"infantil-primaria","status":"publish","type":"page","link":"https:\/\/www.happyenglish.cat\/es\/infantil-primaria\/","title":{"rendered":"Infantil\/Primaria"},"content":{"rendered":"<style>#kt-layout-id_b29fb3-28{margin-bottom:0px;}#kt-layout-id_b29fb3-28 > .kt-row-column-wrap{align-content:start;}:where(#kt-layout-id_b29fb3-28 > .kt-row-column-wrap) > .wp-block-kadence-column{justify-content:start;}#kt-layout-id_b29fb3-28 > .kt-row-column-wrap{column-gap:var(--global-kb-gap-md, 2rem);row-gap:var(--global-kb-gap-md, 2rem);max-width:900px;margin-left:auto;margin-right:auto;padding-top:var( --global-kb-row-default-top, 25px );padding-bottom:var( --global-kb-row-default-bottom, 25px );padding-top:50px;grid-template-columns:minmax(0, 1fr);}#kt-layout-id_b29fb3-28 > .kt-row-layout-overlay{opacity:0.30;}@media all and (max-width: 1024px){#kt-layout-id_b29fb3-28 > .kt-row-column-wrap{grid-template-columns:minmax(0, 1fr);}}@media all and (max-width: 767px){#kt-layout-id_b29fb3-28 > .kt-row-column-wrap{grid-template-columns:minmax(0, 1fr);}}<\/style>\n<div class=\"wp-block-kadence-rowlayout alignnone\"><div id=\"kt-layout-id_b29fb3-28\" class=\"kt-row-layout-inner kt-layout-id_b29fb3-28\"><div class=\"kt-row-column-wrap kt-has-1-columns kt-gutter-default kt-v-gutter-default kt-row-valign-top kt-row-layout-equal kt-tab-layout-inherit kt-m-colapse-left-to-right kt-mobile-layout-row\"><style>.kadence-column_1173b5-3e > .kt-inside-inner-col{border-top-width:0px;border-right-width:0px;border-bottom-width:0px;border-left-width:0px;}.kadence-column_1173b5-3e > .kt-inside-inner-col,.kadence-column_1173b5-3e > .kt-inside-inner-col:before{border-top-left-radius:0px;border-top-right-radius:0px;border-bottom-right-radius:0px;border-bottom-left-radius:0px;}.kadence-column_1173b5-3e > .kt-inside-inner-col{column-gap:var(--global-kb-gap-sm, 1rem);}.kadence-column_1173b5-3e > .kt-inside-inner-col{flex-direction:column;}.kadence-column_1173b5-3e > .kt-inside-inner-col > .aligncenter{width:100%;}.kadence-column_1173b5-3e > .kt-inside-inner-col:before{opacity:0.3;}.kadence-column_1173b5-3e{position:relative;}@media all and (max-width: 1024px){.kadence-column_1173b5-3e > .kt-inside-inner-col{flex-direction:column;justify-content:center;}}@media all and (max-width: 767px){.kadence-column_1173b5-3e > .kt-inside-inner-col{flex-direction:column;justify-content:center;}}<\/style>\n<div class=\"wp-block-kadence-column inner-column-1 kadence-column_1173b5-3e\"><div class=\"kt-inside-inner-col\"><style>.wp-block-kadence-advancedheading.kt-adv-heading_8c1285-5f, .wp-block-kadence-advancedheading.kt-adv-heading_8c1285-5f[data-kb-block=\"kb-adv-heading_8c1285-5f\"]{margin-top:30px;margin-bottom:40px;text-align:center;font-size:24px;font-weight:400;font-style:normal;font-family:'Open Sans';}.wp-block-kadence-advancedheading.kt-adv-heading_8c1285-5f mark.kt-highlight, .wp-block-kadence-advancedheading.kt-adv-heading_8c1285-5f[data-kb-block=\"kb-adv-heading_8c1285-5f\"] mark.kt-highlight{font-weight:normal;font-style:normal;color:#f76a0c;-webkit-box-decoration-break:clone;box-decoration-break:clone;padding-top:0px;padding-right:0px;padding-bottom:0px;padding-left:0px;}.wp-block-kadence-advancedheading.kt-adv-heading_8c1285-5f img.kb-inline-image, .wp-block-kadence-advancedheading.kt-adv-heading_8c1285-5f[data-kb-block=\"kb-adv-heading_8c1285-5f\"] img.kb-inline-image{width:150px;vertical-align:baseline;}<\/style>\n<h2 class=\"kt-adv-heading_8c1285-5f wp-block-kadence-advancedheading\" data-kb-block=\"kb-adv-heading_8c1285-5f\">Estos son los cursos para los alumnos de infantil y primaria<\/h2>\n\n\n<style>.kt-post-loop_b756a4-36 .kadence-post-image{padding-top:15px;padding-right:15px;padding-bottom:15px;padding-left:15px;}.kt-post-loop_b756a4-36 .kt-feat-image-align-left{grid-template-columns:28% auto;}.kt-post-loop_b756a4-36 .kt-post-grid-wrap{gap:30px 30px;}.kt-post-loop_b756a4-36 .kt-blocks-post-grid-item{border-top-left-radius:0px;border-top-right-radius:0px;border-bottom-right-radius:0px;border-bottom-left-radius:0px;overflow:hidden;}.kt-post-loop_b756a4-36 .kt-blocks-post-grid-item .kt-blocks-post-grid-item-inner{padding-top:0px;padding-right:0px;padding-bottom:0px;padding-left:0px;}.kt-post-loop_b756a4-36 .kt-blocks-post-grid-item header{padding-top:10px;padding-right:0px;padding-bottom:10px;padding-left:0px;margin-top:0px;margin-right:0px;margin-bottom:0px;margin-left:0px;background-color:#ffffff;}.kt-post-loop_b756a4-36 .kt-blocks-post-grid-item .kt-blocks-above-categories{font-size:13px;line-height:20px;text-transform:uppercase;}.kt-post-loop_b756a4-36 .kt-blocks-post-grid-item .entry-title{padding-top:5px;padding-right:0px;padding-bottom:0px;padding-left:0px;margin-top:0px;margin-right:0px;margin-bottom:0px;margin-left:0px;font-size:24px;line-height:30px;}.kt-post-loop_b756a4-36 .entry-content{padding-top:0px;padding-right:0px;padding-bottom:0px;padding-left:0px;margin-top:0px;margin-right:0px;margin-bottom:0px;margin-left:0px;}.kt-post-loop_b756a4-36 .kt-blocks-post-footer{border-color:#aaaaaa;color:#aaaaaa;border-top-width:0px;border-right-width:0px;border-bottom-width:0px;border-left-width:0px;padding-top:0px;padding-right:0px;padding-bottom:0px;padding-left:0px;margin-top:0px;margin-right:0px;margin-bottom:0px;margin-left:0px;font-size:12px;line-height:20px;text-transform:uppercase;}.kt-post-loop_b756a4-36 .entry-content:after{height:0px;}.kt-post-loop_b756a4-36 .kt-blocks-post-footer a{color:#aaaaaa;}.kt-post-loop_b756a4-36 .kt-blocks-post-footer a:hover{color:#7f7f7f;}.kt-post-loop_b756a4-36 .kb-filter-item{border-top-width:0px;border-right-width:0px;border-bottom-width:2px;border-left-width:0px;padding-top:5px;padding-right:8px;padding-bottom:5px;padding-left:8px;margin-top:0px;margin-right:10px;margin-bottom:0px;margin-left:0px;}<\/style><div class=\"wp-block-kadence-postgrid kt-blocks-post-loop-block alignnone kt-post-loop_b756a4-36 kt-post-grid-layout-grid \"><div class=\"kt-post-grid-layout-grid-wrap kt-post-grid-wrap\" data-columns-xxl=\"3\" data-columns-xl=\"3\" data-columns-md=\"3\" data-columns-sm=\"2\" data-columns-xs=\"1\" data-columns-ss=\"1\"data-item-selector=\".kt-post-masonry-item\" aria-label=\"Post Carousel\"><article class=\"kt-blocks-post-grid-item post-730 classes type-classes status-publish format-standard has-post-thumbnail hentry curs-infantil-es curs-primaria-es no-featured-image-padding\"><div class=\"kt-blocks-post-grid-item-inner-wrap kt-feat-image-align-left kt-feat-image-mobile-align-top\"><div class=\"kadence-post-image\"><div class=\"kadence-post-image-intrisic kt-image-ratio-nocrop\" style=\"padding-bottom:100%;\"><div class=\"kadence-post-image-inner-intrisic\"><a aria-hidden=\"true\" tabindex=\"-1\" role=\"presentation\" href=\"https:\/\/www.happyenglish.cat\/es\/classes\/ingles-ludico\/\" aria-label=\"Ingl\u00e9s l\u00fadico\" class=\"kadence-post-image-inner-wrap\"><img loading=\"lazy\" decoding=\"async\" width=\"150\" height=\"150\" src=\"https:\/\/www.happyenglish.cat\/wp-content\/uploads\/2018\/01\/happy-english-angles-ludic.png\" class=\"attachment-large size-large wp-post-image\" alt=\"Angl\u00e8s l\u00fadic Happy english.\" srcset=\"https:\/\/www.happyenglish.cat\/wp-content\/uploads\/2018\/01\/happy-english-angles-ludic.png 150w, https:\/\/www.happyenglish.cat\/wp-content\/uploads\/2018\/01\/happy-english-angles-ludic-100x100.png 100w\" sizes=\"auto, (max-width: 150px) 100vw, 150px\" \/><\/a><\/div><\/div><\/div><div class=\"kt-blocks-post-grid-item-inner\"><header><h2 class=\"entry-title\"><a href=\"https:\/\/www.happyenglish.cat\/es\/classes\/ingles-ludico\/\">Ingl\u00e9s l\u00fadico<\/a><\/h2><div class=\"kt-blocks-post-top-meta\"><\/div><\/header><div class=\"entry-content\">Clases con un planteamiento muy l\u00fadico y ameno que tienen como objetivo crear un ambiente de clase agradable y divertido.<\/div><footer class=\"kt-blocks-post-footer\"><div class=\"kt-blocks-post-footer-left\"><\/div><div class=\"kt-blocks-post-footer-right\"><\/div><\/footer><\/div><\/div><\/article><article class=\"kt-blocks-post-grid-item post-731 classes type-classes status-publish format-standard has-post-thumbnail hentry curs-primaria-es no-featured-image-padding\"><div class=\"kt-blocks-post-grid-item-inner-wrap kt-feat-image-align-left kt-feat-image-mobile-align-top\"><div class=\"kadence-post-image\"><div class=\"kadence-post-image-intrisic kt-image-ratio-nocrop\" style=\"padding-bottom:100%;\"><div class=\"kadence-post-image-inner-intrisic\"><a aria-hidden=\"true\" tabindex=\"-1\" role=\"presentation\" href=\"https:\/\/www.happyenglish.cat\/es\/classes\/ingles-completo\/\" aria-label=\"Ingl\u00e9s completo\" class=\"kadence-post-image-inner-wrap\"><img loading=\"lazy\" decoding=\"async\" width=\"150\" height=\"150\" src=\"https:\/\/www.happyenglish.cat\/wp-content\/uploads\/2018\/01\/happy-english-angles-complert.png\" class=\"attachment-large size-large wp-post-image\" alt=\"Angl\u00e8s complet. Happy english.\" srcset=\"https:\/\/www.happyenglish.cat\/wp-content\/uploads\/2018\/01\/happy-english-angles-complert.png 150w, https:\/\/www.happyenglish.cat\/wp-content\/uploads\/2018\/01\/happy-english-angles-complert-100x100.png 100w\" sizes=\"auto, (max-width: 150px) 100vw, 150px\" \/><\/a><\/div><\/div><\/div><div class=\"kt-blocks-post-grid-item-inner\"><header><h2 class=\"entry-title\"><a href=\"https:\/\/www.happyenglish.cat\/es\/classes\/ingles-completo\/\">Ingl\u00e9s completo<\/a><\/h2><div class=\"kt-blocks-post-top-meta\"><\/div><\/header><div class=\"entry-content\">Todos los aspectos del ingl\u00e9s oral y adicionalmente se utiliza un libro de ejercicios que gu\u00eda la pr\u00e1ctica escrita. <\/div><footer class=\"kt-blocks-post-footer\"><div class=\"kt-blocks-post-footer-left\"><\/div><div class=\"kt-blocks-post-footer-right\"><\/div><\/footer><\/div><\/div><\/article><article class=\"kt-blocks-post-grid-item post-735 classes type-classes status-publish format-standard has-post-thumbnail hentry curs-infantil-es curs-primaria-es curs-eso-es no-featured-image-padding\"><div class=\"kt-blocks-post-grid-item-inner-wrap kt-feat-image-align-left kt-feat-image-mobile-align-top\"><div class=\"kadence-post-image\"><div class=\"kadence-post-image-intrisic kt-image-ratio-nocrop\" style=\"padding-bottom:100%;\"><div class=\"kadence-post-image-inner-intrisic\"><a aria-hidden=\"true\" tabindex=\"-1\" role=\"presentation\" href=\"https:\/\/www.happyenglish.cat\/es\/classes\/examenes-oficiales\/\" aria-label=\"Ex\u00e1menes oficiales\" class=\"kadence-post-image-inner-wrap\"><img loading=\"lazy\" decoding=\"async\" width=\"150\" height=\"150\" src=\"https:\/\/www.happyenglish.cat\/wp-content\/uploads\/2024\/02\/happy-english-cursos-preparacio-examens-oficials-young-learners.png\" class=\"attachment-large size-large wp-post-image\" alt=\"\" \/><\/a><\/div><\/div><\/div><div class=\"kt-blocks-post-grid-item-inner\"><header><h2 class=\"entry-title\"><a href=\"https:\/\/www.happyenglish.cat\/es\/classes\/examenes-oficiales\/\">Ex\u00e1menes oficiales<\/a><\/h2><div class=\"kt-blocks-post-top-meta\"><\/div><\/header><div class=\"entry-content\">Cursos espec\u00edficos para preparar los ex\u00e1menes Cambridge English Young Learners de los niveles Pre A1 Starters y A1 Movers, especialmente dise\u00f1ados para ni\u00f1os de entre 8 y 11 a\u00f1os.<\/div><footer class=\"kt-blocks-post-footer\"><div class=\"kt-blocks-post-footer-left\"><\/div><div class=\"kt-blocks-post-footer-right\"><\/div><\/footer><\/div><\/div><\/article><article class=\"kt-blocks-post-grid-item post-736 classes type-classes status-publish format-standard has-post-thumbnail hentry curs-primaria-es curs-eso-es no-featured-image-padding\"><div class=\"kt-blocks-post-grid-item-inner-wrap kt-feat-image-align-left kt-feat-image-mobile-align-top\"><div class=\"kadence-post-image\"><div class=\"kadence-post-image-intrisic kt-image-ratio-nocrop\" style=\"padding-bottom:100%;\"><div class=\"kadence-post-image-inner-intrisic\"><a aria-hidden=\"true\" tabindex=\"-1\" role=\"presentation\" href=\"https:\/\/www.happyenglish.cat\/es\/classes\/auxiliar-de-conversacion\/\" aria-label=\"Auxiliar de conversaci\u00f3n\" class=\"kadence-post-image-inner-wrap\"><img loading=\"lazy\" decoding=\"async\" width=\"150\" height=\"150\" src=\"https:\/\/www.happyenglish.cat\/wp-content\/uploads\/2018\/01\/happy-english-auxiliar-de-conversa.png\" class=\"attachment-large size-large wp-post-image\" alt=\"Auxiliar de conversa. Happy english.\" srcset=\"https:\/\/www.happyenglish.cat\/wp-content\/uploads\/2018\/01\/happy-english-auxiliar-de-conversa.png 150w, https:\/\/www.happyenglish.cat\/wp-content\/uploads\/2018\/01\/happy-english-auxiliar-de-conversa-100x100.png 100w\" sizes=\"auto, (max-width: 150px) 100vw, 150px\" \/><\/a><\/div><\/div><\/div><div class=\"kt-blocks-post-grid-item-inner\"><header><h2 class=\"entry-title\"><a href=\"https:\/\/www.happyenglish.cat\/es\/classes\/auxiliar-de-conversacion\/\">Auxiliar de conversaci\u00f3n<\/a><\/h2><div class=\"kt-blocks-post-top-meta\"><\/div><\/header><div class=\"entry-content\">La tarea del auxiliar es dar soporte ling\u00fc\u00edstico a la mejora de la competencia oral en la lengua inglesa.<\/div><footer class=\"kt-blocks-post-footer\"><div class=\"kt-blocks-post-footer-left\"><\/div><div class=\"kt-blocks-post-footer-right\"><\/div><\/footer><\/div><\/div><\/article><article class=\"kt-blocks-post-grid-item post-737 classes type-classes status-publish format-standard has-post-thumbnail hentry curs-infantil-es curs-primaria-es curs-eso-es curs-bachillerato no-featured-image-padding\"><div class=\"kt-blocks-post-grid-item-inner-wrap kt-feat-image-align-left kt-feat-image-mobile-align-top\"><div class=\"kadence-post-image\"><div class=\"kadence-post-image-intrisic kt-image-ratio-nocrop\" style=\"padding-bottom:100%;\"><div class=\"kadence-post-image-inner-intrisic\"><a aria-hidden=\"true\" tabindex=\"-1\" role=\"presentation\" href=\"https:\/\/www.happyenglish.cat\/es\/classes\/happy-at-home\/\" aria-label=\"Happy at Home\" class=\"kadence-post-image-inner-wrap\"><img loading=\"lazy\" decoding=\"async\" width=\"150\" height=\"150\" src=\"https:\/\/www.happyenglish.cat\/wp-content\/uploads\/2018\/01\/happy-english-happy-at-home.png\" class=\"attachment-large size-large wp-post-image\" alt=\"Happy at Home. Happy english.\" srcset=\"https:\/\/www.happyenglish.cat\/wp-content\/uploads\/2018\/01\/happy-english-happy-at-home.png 150w, https:\/\/www.happyenglish.cat\/wp-content\/uploads\/2018\/01\/happy-english-happy-at-home-100x100.png 100w\" sizes=\"auto, (max-width: 150px) 100vw, 150px\" \/><\/a><\/div><\/div><\/div><div class=\"kt-blocks-post-grid-item-inner\"><header><h2 class=\"entry-title\"><a href=\"https:\/\/www.happyenglish.cat\/es\/classes\/happy-at-home\/\">Happy at Home<\/a><\/h2><div class=\"kt-blocks-post-top-meta\"><\/div><\/header><div class=\"entry-content\">Para necesidades de refuerzo individual o dificultades en la log\u00edstica familiar<\/div><footer class=\"kt-blocks-post-footer\"><div class=\"kt-blocks-post-footer-left\"><\/div><div class=\"kt-blocks-post-footer-right\"><\/div><\/footer><\/div><\/div><\/article><article class=\"kt-blocks-post-grid-item post-738 classes type-classes status-publish format-standard has-post-thumbnail hentry curs-infantil-es curs-primaria-es no-featured-image-padding\"><div class=\"kt-blocks-post-grid-item-inner-wrap kt-feat-image-align-left kt-feat-image-mobile-align-top\"><div class=\"kadence-post-image\"><div class=\"kadence-post-image-intrisic kt-image-ratio-nocrop\" style=\"padding-bottom:100%;\"><div class=\"kadence-post-image-inner-intrisic\"><a aria-hidden=\"true\" tabindex=\"-1\" role=\"presentation\" href=\"https:\/\/www.happyenglish.cat\/es\/classes\/happy-english-summer\/\" aria-label=\"Happy English Summer\" class=\"kadence-post-image-inner-wrap\"><img loading=\"lazy\" decoding=\"async\" width=\"150\" height=\"150\" src=\"https:\/\/www.happyenglish.cat\/wp-content\/uploads\/2018\/01\/happy-english-happy-summer-english.png\" class=\"attachment-large size-large wp-post-image\" alt=\"Happy English Summer\" srcset=\"https:\/\/www.happyenglish.cat\/wp-content\/uploads\/2018\/01\/happy-english-happy-summer-english.png 150w, https:\/\/www.happyenglish.cat\/wp-content\/uploads\/2018\/01\/happy-english-happy-summer-english-100x100.png 100w\" sizes=\"auto, (max-width: 150px) 100vw, 150px\" \/><\/a><\/div><\/div><\/div><div class=\"kt-blocks-post-grid-item-inner\"><header><h2 class=\"entry-title\"><a href=\"https:\/\/www.happyenglish.cat\/es\/classes\/happy-english-summer\/\">Happy English Summer<\/a><\/h2><div class=\"kt-blocks-post-top-meta\"><\/div><\/header><div class=\"entry-content\">Combinan clases de ingl\u00e9s con actividades al aire libre y con animales, talleres art\u00edsticos, actividades deportivas y piscina.<\/div><footer class=\"kt-blocks-post-footer\"><div class=\"kt-blocks-post-footer-left\"><\/div><div class=\"kt-blocks-post-footer-right\"><\/div><\/footer><\/div><\/div><\/article><\/div><\/div><!-- .wp-block-kadence-postgrid --><\/div><\/div>\n<\/div><\/div><\/div>\n\n\n<style>#kt-layout-id_24950a-5a{margin-bottom:0px;}#kt-layout-id_24950a-5a > .kt-row-column-wrap{align-content:start;}:where(#kt-layout-id_24950a-5a > .kt-row-column-wrap) > .wp-block-kadence-column{justify-content:start;}#kt-layout-id_24950a-5a > .kt-row-column-wrap{column-gap:var(--global-kb-gap-md, 2rem);row-gap:var(--global-kb-gap-md, 2rem);max-width:900px;margin-left:auto;margin-right:auto;padding-top:var( --global-kb-row-default-top, 25px );padding-bottom:var( --global-kb-row-default-bottom, 25px );padding-top:50px;grid-template-columns:minmax(0, 1fr);}#kt-layout-id_24950a-5a > .kt-row-layout-overlay{opacity:0.30;}@media all and (max-width: 1024px){#kt-layout-id_24950a-5a > .kt-row-column-wrap{grid-template-columns:minmax(0, 1fr);}}@media all and (max-width: 767px){#kt-layout-id_24950a-5a > .kt-row-column-wrap{grid-template-columns:minmax(0, 1fr);}}<\/style>\n<div class=\"wp-block-kadence-rowlayout alignnone\"><div id=\"kt-layout-id_24950a-5a\" class=\"kt-row-layout-inner kt-layout-id_24950a-5a\"><div class=\"kt-row-column-wrap kt-has-1-columns kt-gutter-default kt-v-gutter-default kt-row-valign-top kt-row-layout-equal kt-tab-layout-inherit kt-m-colapse-left-to-right kt-mobile-layout-row\"><style>.kadence-column_8f16ef-80 > .kt-inside-inner-col{border-top-width:0px;border-right-width:0px;border-bottom-width:0px;border-left-width:0px;}.kadence-column_8f16ef-80 > .kt-inside-inner-col,.kadence-column_8f16ef-80 > .kt-inside-inner-col:before{border-top-left-radius:0px;border-top-right-radius:0px;border-bottom-right-radius:0px;border-bottom-left-radius:0px;}.kadence-column_8f16ef-80 > .kt-inside-inner-col{column-gap:var(--global-kb-gap-sm, 1rem);}.kadence-column_8f16ef-80 > .kt-inside-inner-col{flex-direction:column;}.kadence-column_8f16ef-80 > .kt-inside-inner-col > .aligncenter{width:100%;}.kadence-column_8f16ef-80 > .kt-inside-inner-col:before{opacity:0.3;}.kadence-column_8f16ef-80{position:relative;}@media all and (max-width: 1024px){.kadence-column_8f16ef-80 > .kt-inside-inner-col{flex-direction:column;justify-content:center;}}@media all and (max-width: 767px){.kadence-column_8f16ef-80 > .kt-inside-inner-col{flex-direction:column;justify-content:center;}}<\/style>\n<div class=\"wp-block-kadence-column inner-column-1 kadence-column_8f16ef-80\"><div class=\"kt-inside-inner-col\"><style>.wp-block-kadence-advancedheading.kt-adv-heading_02a92c-a5, .wp-block-kadence-advancedheading.kt-adv-heading_02a92c-a5[data-kb-block=\"kb-adv-heading_02a92c-a5\"]{text-align:center;font-size:50px;font-weight:normal;font-style:normal;}.wp-block-kadence-advancedheading.kt-adv-heading_02a92c-a5 mark.kt-highlight, .wp-block-kadence-advancedheading.kt-adv-heading_02a92c-a5[data-kb-block=\"kb-adv-heading_02a92c-a5\"] mark.kt-highlight{font-weight:normal;font-style:normal;color:#f76a0c;-webkit-box-decoration-break:clone;box-decoration-break:clone;padding-top:0px;padding-right:0px;padding-bottom:0px;padding-left:0px;}.wp-block-kadence-advancedheading.kt-adv-heading_02a92c-a5 img.kb-inline-image, .wp-block-kadence-advancedheading.kt-adv-heading_02a92c-a5[data-kb-block=\"kb-adv-heading_02a92c-a5\"] img.kb-inline-image{width:150px;vertical-align:baseline;}<\/style>\n<h2 class=\"kt-adv-heading_02a92c-a5 wp-block-kadence-advancedheading has-vivid-cyan-blue-color has-text-color\" data-kb-block=\"kb-adv-heading_02a92c-a5\">Contacto<\/h2>\n\n\n\n<p class=\"has-text-align-center\">Si tienes cualquier duda o pregunta, o quieres pedir un presupuesto sin compromiso, rellena este formulario y te responderemos lo m\u00e1s pronto posible. Tambi\u00e9n puedes llamarnos al&nbsp;<strong>93 870 20 01<\/strong>.<\/p>\n\n\n\n<div class=\"wpcf7 no-js\" id=\"wpcf7-f739-o1\" lang=\"ca\" dir=\"ltr\" data-wpcf7-id=\"739\">\n<div class=\"screen-reader-response\"><p role=\"status\" aria-live=\"polite\" aria-atomic=\"true\"><\/p> <ul><\/ul><\/div>\n<form action=\"\/es\/wp-json\/wp\/v2\/pages\/871#wpcf7-f739-o1\" method=\"post\" class=\"wpcf7-form init\" aria-label=\"Formulari de contacte\" novalidate=\"novalidate\" data-status=\"init\">\n<fieldset class=\"hidden-fields-container\"><input type=\"hidden\" name=\"_wpcf7\" value=\"739\" \/><input type=\"hidden\" name=\"_wpcf7_version\" value=\"6.1.5\" \/><input type=\"hidden\" name=\"_wpcf7_locale\" value=\"ca\" \/><input type=\"hidden\" name=\"_wpcf7_unit_tag\" value=\"wpcf7-f739-o1\" \/><input type=\"hidden\" name=\"_wpcf7_container_post\" value=\"0\" \/><input type=\"hidden\" name=\"_wpcf7_posted_data_hash\" value=\"\" \/>\n<\/fieldset>\n<div class=\"cf7-custom-style\">\n\t<div class=\"grid-50\">\n\t\t<p><span class=\"wpcf7-form-control-wrap\" data-name=\"text-774\"><input size=\"40\" maxlength=\"400\" class=\"wpcf7-form-control wpcf7-text wpcf7-validates-as-required\" aria-required=\"true\" aria-invalid=\"false\" placeholder=\"Nombre y apellido (obligatorio)\" value=\"\" type=\"text\" name=\"text-774\" \/><\/span>\n\t\t<\/p>\n\t\t<p><span class=\"wpcf7-form-control-wrap\" data-name=\"text-183\"><input size=\"40\" maxlength=\"400\" class=\"wpcf7-form-control wpcf7-text\" aria-invalid=\"false\" placeholder=\"Centro escolar\" value=\"\" type=\"text\" name=\"text-183\" \/><\/span>\n\t\t<\/p>\n\t\t<p><span class=\"wpcf7-form-control-wrap\" data-name=\"text-181\"><input size=\"40\" maxlength=\"400\" class=\"wpcf7-form-control wpcf7-text wpcf7-validates-as-required\" aria-required=\"true\" aria-invalid=\"false\" placeholder=\"Poblaci\u00f3n (obligatorio)\" value=\"\" type=\"text\" name=\"text-181\" \/><\/span>\n\t\t<\/p>\n\t\t<p><span class=\"wpcf7-form-control-wrap\" data-name=\"text-860\"><input size=\"40\" maxlength=\"400\" class=\"wpcf7-form-control wpcf7-text wpcf7-validates-as-required\" aria-required=\"true\" aria-invalid=\"false\" placeholder=\"Email (obligatorio)\" value=\"\" type=\"text\" name=\"text-860\" \/><\/span>\n\t\t<\/p>\n\t\t<p><span class=\"wpcf7-form-control-wrap\" data-name=\"text-636\"><input size=\"40\" maxlength=\"400\" class=\"wpcf7-form-control wpcf7-text\" aria-invalid=\"false\" placeholder=\"Tel\u00e9fono\" value=\"\" type=\"text\" name=\"text-636\" \/><\/span>\n\t\t<\/p>\n\t<\/div>\n\t<div class=\"grid-50\">\n\t\t<p><span class=\"wpcf7-form-control-wrap\" data-name=\"textarea-236\"><textarea cols=\"40\" rows=\"10\" maxlength=\"2000\" class=\"wpcf7-form-control wpcf7-textarea wpcf7-validates-as-required\" aria-required=\"true\" aria-invalid=\"false\" placeholder=\"Tu mensaje\" name=\"textarea-236\"><\/textarea><\/span>\n\t\t<\/p>\n\t<\/div>\n\t<div class=\"grid-50\">\n\t\t<p><input class=\"wpcf7-form-control wpcf7-submit has-spinner enviar\" type=\"submit\" value=\"Enviar\" \/><br \/>\n<span class=\"wpcf7-form-control-wrap\" data-name=\"checkbox-3267\"><span class=\"wpcf7-form-control wpcf7-checkbox wpcf7-validates-as-required\"><span class=\"wpcf7-list-item first last\"><input type=\"checkbox\" name=\"checkbox-3267[]\" value=\"&nbsp;He le\u00eddo y aceptado la&nbsp;\" \/><span class=\"wpcf7-list-item-label\">&nbsp;He le\u00eddo y aceptado la&nbsp;<\/span><\/span><\/span><\/span><a href=\"https:\/\/www.happyenglish.cat\/es\/aviso-legal\/\">cla\u00fasula de confidencialidad<\/a>.<br \/>\n<span class=\"wpcf7-form-control-wrap\" data-name=\"checkbox-326\"><span class=\"wpcf7-form-control wpcf7-checkbox\"><span class=\"wpcf7-list-item first last\"><input type=\"checkbox\" name=\"checkbox-326[]\" value=\"&nbsp;Acepto recibir noticias y ofertas de Cambridge School.\" \/><span class=\"wpcf7-list-item-label\">&nbsp;Acepto recibir noticias y ofertas de Cambridge School.<\/span><\/span><\/span><\/span>\n\t\t<\/p>\n\t<\/div>\n<\/div><p style=\"display: none !important;\" class=\"akismet-fields-container\" data-prefix=\"_wpcf7_ak_\"><label>&#916;<textarea name=\"_wpcf7_ak_hp_textarea\" cols=\"45\" rows=\"8\" maxlength=\"100\"><\/textarea><\/label><input type=\"hidden\" id=\"ak_js_1\" name=\"_wpcf7_ak_js\" value=\"85\"\/><script>\ndocument.getElementById( \"ak_js_1\" ).setAttribute( \"value\", ( new Date() ).getTime() );\n<\/script>\n<\/p><div class=\"wpcf7-response-output\" aria-hidden=\"true\"><\/div>\n<\/form>\n<\/div>\n\n<\/div><\/div>\n<\/div><\/div><\/div>\n","protected":false},"excerpt":{"rendered":"<p>Estos son los cursos para los alumnos de infantil y primaria Contacto Si tienes cualquier duda o pregunta, o quieres pedir un presupuesto sin compromiso, rellena este formulario y te responderemos lo m\u00e1s pronto posible. Tambi\u00e9n puedes llamarnos al&nbsp;93 870 20 01.<\/p>\n","protected":false},"author":2,"featured_media":27,"parent":0,"menu_order":0,"comment_status":"closed","ping_status":"closed","template":"","meta":{"_editorskit_title_hidden":false,"_editorskit_reading_time":1,"_editorskit_is_block_options_detached":false,"_editorskit_block_options_position":"{}","_kad_blocks_custom_css":"","_kad_blocks_head_custom_js":"","_kad_blocks_body_custom_js":"","_kad_blocks_footer_custom_js":"","generate_page_header":"","footnotes":""},"class_list":{"0":"post-871","1":"page","2":"type-page","3":"status-publish","4":"has-post-thumbnail","6":"no-featured-image-padding"},"taxonomy_info":[],"featured_image_src_large":["https:\/\/www.happyenglish.cat\/wp-content\/uploads\/2018\/01\/Happy-english-els-nostres-cursos-1024x307.jpg",1024,307,true],"author_info":{"display_name":"Guillem Baro","author_link":"https:\/\/www.happyenglish.cat\/es\/author\/guillem-baro\/"},"comment_info":0,"_links":{"self":[{"href":"https:\/\/www.happyenglish.cat\/es\/wp-json\/wp\/v2\/pages\/871","targetHints":{"allow":["GET"]}}],"collection":[{"href":"https:\/\/www.happyenglish.cat\/es\/wp-json\/wp\/v2\/pages"}],"about":[{"href":"https:\/\/www.happyenglish.cat\/es\/wp-json\/wp\/v2\/types\/page"}],"author":[{"embeddable":true,"href":"https:\/\/www.happyenglish.cat\/es\/wp-json\/wp\/v2\/users\/2"}],"replies":[{"embeddable":true,"href":"https:\/\/www.happyenglish.cat\/es\/wp-json\/wp\/v2\/comments?post=871"}],"version-history":[{"count":16,"href":"https:\/\/www.happyenglish.cat\/es\/wp-json\/wp\/v2\/pages\/871\/revisions"}],"predecessor-version":[{"id":40919,"href":"https:\/\/www.happyenglish.cat\/es\/wp-json\/wp\/v2\/pages\/871\/revisions\/40919"}],"wp:featuredmedia":[{"embeddable":true,"href":"https:\/\/www.happyenglish.cat\/es\/wp-json\/wp\/v2\/media\/27"}],"wp:attachment":[{"href":"https:\/\/www.happyenglish.cat\/es\/wp-json\/wp\/v2\/media?parent=871"}],"curies":[{"name":"wp","href":"https:\/\/api.w.org\/{rel}","templated":true}]}}