{"id":895,"date":"2018-01-24T14:26:34","date_gmt":"2018-01-24T14:26:34","guid":{"rendered":"http:\/\/www.happyenglish.cat\/ampas-y-familias\/com-treballem-amb-lampa\/"},"modified":"2024-04-24T08:50:39","modified_gmt":"2024-04-24T08:50:39","slug":"como-trabajamos-con-los-centrosy-las-ampas","status":"publish","type":"page","link":"https:\/\/www.happyenglish.cat\/es\/como-trabajamos-con-los-centrosy-las-ampas\/","title":{"rendered":"C\u00f3mo trabajamos con los centros y las AMPAs"},"content":{"rendered":"<style>.kb-row-layout-wrap.wp-block-kadence-rowlayout.kb-row-layout-id895_6f82bf-29{margin-bottom:0px;}.kb-row-layout-id895_6f82bf-29 > .kt-row-column-wrap{align-content:start;}:where(.kb-row-layout-id895_6f82bf-29 > .kt-row-column-wrap) > .wp-block-kadence-column{justify-content:start;}.kb-row-layout-id895_6f82bf-29 > .kt-row-column-wrap{column-gap:var(--global-kb-gap-md, 2rem);row-gap:var(--global-kb-gap-md, 2rem);max-width:1200px;padding-top:var(--global-kb-spacing-xl, 4rem);padding-bottom:var(--global-kb-spacing-sm, 1.5rem);grid-template-columns:minmax(0, 1fr);}.kb-row-layout-id895_6f82bf-29 > .kt-row-layout-overlay{opacity:0.30;}@media all and (max-width: 1024px){.kb-row-layout-id895_6f82bf-29 > .kt-row-column-wrap{grid-template-columns:minmax(0, 1fr);}}@media all and (max-width: 767px){.kb-row-layout-id895_6f82bf-29 > .kt-row-column-wrap{grid-template-columns:minmax(0, 1fr);}}<\/style><div class=\"kb-row-layout-wrap kb-row-layout-id895_6f82bf-29 alignnone wp-block-kadence-rowlayout\"><div class=\"kt-row-column-wrap kt-has-1-columns kt-row-layout-equal kt-tab-layout-inherit kt-mobile-layout-row kt-row-valign-top kb-theme-content-width\">\n<style>.kadence-column895_354dea-2f > .kt-inside-inner-col,.kadence-column895_354dea-2f > .kt-inside-inner-col:before{border-top-left-radius:0px;border-top-right-radius:0px;border-bottom-right-radius:0px;border-bottom-left-radius:0px;}.kadence-column895_354dea-2f > .kt-inside-inner-col{column-gap:var(--global-kb-gap-sm, 1rem);}.kadence-column895_354dea-2f > .kt-inside-inner-col{flex-direction:column;}.kadence-column895_354dea-2f > .kt-inside-inner-col > .aligncenter{width:100%;}.kadence-column895_354dea-2f > .kt-inside-inner-col:before{opacity:0.3;}.kadence-column895_354dea-2f{position:relative;}@media all and (max-width: 1024px){.kadence-column895_354dea-2f > .kt-inside-inner-col{flex-direction:column;justify-content:center;}}@media all and (max-width: 767px){.kadence-column895_354dea-2f > .kt-inside-inner-col{flex-direction:column;justify-content:center;}}<\/style>\n<div class=\"wp-block-kadence-column kadence-column895_354dea-2f\"><div class=\"kt-inside-inner-col\"><style>.kt-post-loop895_646917-8b .kadence-post-image{padding-top:0px;padding-right:30px;padding-bottom:10px;padding-left:0px;}.kt-post-loop895_646917-8b .kt-feat-image-align-left{grid-template-columns:28% auto;}.kt-post-loop895_646917-8b .kt-post-grid-wrap{gap:30px 30px;}.kt-post-loop895_646917-8b .kt-blocks-post-grid-item{border-top-left-radius:0px;border-top-right-radius:0px;border-bottom-right-radius:0px;border-bottom-left-radius:0px;border-top-color:currentColor;border-top-style:solid;border-right-color:currentColor;border-right-style:solid;border-bottom-color:currentColor;border-bottom-style:solid;border-left-color:currentColor;border-left-style:solid;overflow:hidden;}.kt-post-loop895_646917-8b .kt-blocks-post-grid-item .kt-blocks-post-grid-item-inner{padding-top:0px;padding-right:0px;padding-bottom:0px;padding-left:0px;}.kt-post-loop895_646917-8b .kt-blocks-post-grid-item header{padding-top:0px;padding-right:0px;padding-bottom:10px;padding-left:0px;margin-top:0px;margin-right:0px;margin-bottom:0px;margin-left:0px;}.kt-post-loop895_646917-8b .kt-blocks-post-grid-item .kt-blocks-above-categories{font-size:13px;line-height:20px;text-transform:uppercase;}.kt-post-loop895_646917-8b .kt-blocks-post-grid-item .entry-title{padding-top:5px;padding-right:0px;padding-bottom:0px;padding-left:0px;margin-top:0px;margin-right:0px;margin-bottom:0px;margin-left:0px;font-size:24px;line-height:30px;}.kt-post-loop895_646917-8b .entry-content{padding-top:0px;padding-right:0px;padding-bottom:0px;padding-left:0px;margin-top:0px;margin-right:0px;margin-bottom:0px;margin-left:0px;font-size:14px;line-height:24px;}.kt-post-loop895_646917-8b .kt-blocks-post-footer{border-top-width:0px;border-right-width:0px;border-bottom-width:0px;border-left-width:0px;padding-top:0px;padding-right:0px;padding-bottom:0px;padding-left:0px;margin-top:0px;margin-right:0px;margin-bottom:0px;margin-left:0px;font-size:12px;line-height:20px;text-transform:uppercase;}.kt-post-loop895_646917-8b .entry-content:after{height:0px;}.kt-post-loop895_646917-8b .kb-filter-item{border-top-width:0px;border-right-width:0px;border-bottom-width:2px;border-left-width:0px;padding-top:5px;padding-right:8px;padding-bottom:5px;padding-left:8px;margin-top:0px;margin-right:10px;margin-bottom:0px;margin-left:0px;}@media all and (max-width: 1024px){.kt-post-loop895_646917-8b .kt-blocks-post-grid-item{border-top-color:currentColor;border-top-style:solid;border-right-color:currentColor;border-right-style:solid;border-bottom-color:currentColor;border-bottom-style:solid;border-left-color:currentColor;border-left-style:solid;}}@media all and (max-width: 767px){.kt-post-loop895_646917-8b .kt-blocks-post-grid-item{border-top-color:currentColor;border-top-style:solid;border-right-color:currentColor;border-right-style:solid;border-bottom-color:currentColor;border-bottom-style:solid;border-left-color:currentColor;border-left-style:solid;}}<\/style><div class=\"wp-block-kadence-postgrid kt-blocks-post-loop-block alignnone kt-post-loop895_646917-8b kt-post-grid-layout-grid \"><div class=\"kt-post-grid-layout-grid-wrap kt-post-grid-wrap\" data-columns-xxl=\"2\" data-columns-xl=\"2\" data-columns-md=\"2\" data-columns-sm=\"2\" data-columns-xs=\"1\" data-columns-ss=\"1\"data-item-selector=\".kt-post-masonry-item\" aria-label=\"Post Carousel\"><article class=\"kt-blocks-post-grid-item post-768 destacat type-destacat status-publish has-post-thumbnail hentry ubicacio-ampas-i-families-es no-featured-image-padding\"><div class=\"kt-blocks-post-grid-item-inner-wrap kt-feat-image-align-left kt-feat-image-mobile-align-top\"><div class=\"kadence-post-image\"><div class=\"kadence-post-image-intrisic kt-image-ratio-100\" style=\"padding-bottom:100%;\"><div class=\"kadence-post-image-inner-intrisic\"><a aria-hidden=\"true\" tabindex=\"-1\" role=\"presentation\" href=\"https:\/\/www.happyenglish.cat\/es\/destacat\/ampas-i-families-1\/\" aria-label=\"Ampas i fam\u00edlies 1\" class=\"kadence-post-image-inner-wrap\"><img loading=\"lazy\" decoding=\"async\" width=\"150\" height=\"150\" src=\"https:\/\/www.happyenglish.cat\/wp-content\/uploads\/2018\/01\/Ampa-familia-happy-english-3.png\" class=\"attachment-large size-large wp-post-image\" alt=\"Ampa i familia. Horaris. Happy english.\" \/><\/a><\/div><\/div><\/div><div class=\"kt-blocks-post-grid-item-inner\"><header><div class=\"kt-blocks-post-top-meta\"><\/div><\/header><div class=\"entry-content\">Trabajamos estrechamente con las AMPAs y los centros escolares: proporcionamos los profesores, el material y los cursos para los alumnos, con una estructura de <strong>cursos y horarios que se adapte a sus necesidades<\/strong>.<\/div><footer class=\"kt-blocks-post-footer\"><div class=\"kt-blocks-post-footer-left\"><\/div><div class=\"kt-blocks-post-footer-right\"><\/div><\/footer><\/div><\/div><\/article><article class=\"kt-blocks-post-grid-item post-769 destacat type-destacat status-publish has-post-thumbnail hentry ubicacio-ampas-i-families-es no-featured-image-padding\"><div class=\"kt-blocks-post-grid-item-inner-wrap kt-feat-image-align-left kt-feat-image-mobile-align-top\"><div class=\"kadence-post-image\"><div class=\"kadence-post-image-intrisic kt-image-ratio-100\" style=\"padding-bottom:100%;\"><div class=\"kadence-post-image-inner-intrisic\"><a aria-hidden=\"true\" tabindex=\"-1\" role=\"presentation\" href=\"https:\/\/www.happyenglish.cat\/es\/destacat\/ampas-i-families-2\/\" aria-label=\"Ampas i fam\u00edlies 2\" class=\"kadence-post-image-inner-wrap\"><img loading=\"lazy\" decoding=\"async\" width=\"150\" height=\"150\" src=\"https:\/\/www.happyenglish.cat\/wp-content\/uploads\/2018\/01\/Ampa-familia-happy-english-4.png\" class=\"attachment-large size-large wp-post-image\" alt=\"Ampas i fam\u00edlies. Escola. Happy english.\" \/><\/a><\/div><\/div><\/div><div class=\"kt-blocks-post-grid-item-inner\"><header><div class=\"kt-blocks-post-top-meta\"><\/div><\/header><div class=\"entry-content\">Las clases se imparten <strong>en el mismo centro escolar<\/strong>, en horario extraescolar, sea de mediod\u00eda o de tarde.<\/div><footer class=\"kt-blocks-post-footer\"><div class=\"kt-blocks-post-footer-left\"><\/div><div class=\"kt-blocks-post-footer-right\"><\/div><\/footer><\/div><\/div><\/article><article class=\"kt-blocks-post-grid-item post-770 destacat type-destacat status-publish has-post-thumbnail hentry ubicacio-ampas-i-families-es no-featured-image-padding\"><div class=\"kt-blocks-post-grid-item-inner-wrap kt-feat-image-align-left kt-feat-image-mobile-align-top\"><div class=\"kadence-post-image\"><div class=\"kadence-post-image-intrisic kt-image-ratio-100\" style=\"padding-bottom:100%;\"><div class=\"kadence-post-image-inner-intrisic\"><a aria-hidden=\"true\" tabindex=\"-1\" role=\"presentation\" href=\"https:\/\/www.happyenglish.cat\/es\/destacat\/ampas-i-families-3\/\" aria-label=\"Ampas i fam\u00edlies 3\" class=\"kadence-post-image-inner-wrap\"><img loading=\"lazy\" decoding=\"async\" width=\"150\" height=\"150\" src=\"https:\/\/www.happyenglish.cat\/wp-content\/uploads\/2018\/01\/Ampa-familia-happy-english-2.png\" class=\"attachment-large size-large wp-post-image\" alt=\"Ampas i fam\u00edlies. Informes. Happy english.\" \/><\/a><\/div><\/div><\/div><div class=\"kt-blocks-post-grid-item-inner\"><header><div class=\"kt-blocks-post-top-meta\"><\/div><\/header><div class=\"entry-content\">Damos prioridad a la resoluci\u00f3n r\u00e1pida y eficaz de los problemas, gestionamos los listados de asistencia, los <strong>informes trimestrales individuales<\/strong> de los alumnos y las entrevistas con padres y si el AMPA lo desea gestionamos los pagos directamente con las familias.<\/div><footer class=\"kt-blocks-post-footer\"><div class=\"kt-blocks-post-footer-left\"><\/div><div class=\"kt-blocks-post-footer-right\"><\/div><\/footer><\/div><\/div><\/article><article class=\"kt-blocks-post-grid-item post-771 destacat type-destacat status-publish has-post-thumbnail hentry ubicacio-ampas-i-families-es no-featured-image-padding\"><div class=\"kt-blocks-post-grid-item-inner-wrap kt-feat-image-align-left kt-feat-image-mobile-align-top\"><div class=\"kadence-post-image\"><div class=\"kadence-post-image-intrisic kt-image-ratio-100\" style=\"padding-bottom:100%;\"><div class=\"kadence-post-image-inner-intrisic\"><a aria-hidden=\"true\" tabindex=\"-1\" role=\"presentation\" href=\"https:\/\/www.happyenglish.cat\/es\/destacat\/ampas-i-families-4\/\" aria-label=\"Ampas i fam\u00edlies 4\" class=\"kadence-post-image-inner-wrap\"><img loading=\"lazy\" decoding=\"async\" width=\"150\" height=\"150\" src=\"https:\/\/www.happyenglish.cat\/wp-content\/uploads\/2018\/01\/Ampa-familia-happy-english-1.png\" class=\"attachment-large size-large wp-post-image\" alt=\"Ampas i fam\u00edlies. Propaganda. Happy english.\" \/><\/a><\/div><\/div><\/div><div class=\"kt-blocks-post-grid-item-inner\"><header><div class=\"kt-blocks-post-top-meta\"><\/div><\/header><div class=\"entry-content\">Tambi\u00e9n seg\u00fan las necesidades de cada AMPA, proporcionamos material promocional para difundir informaci\u00f3n sobre las clases entre los alumnos y familias: p\u00f3sters, flyers, etc.<\/div><footer class=\"kt-blocks-post-footer\"><div class=\"kt-blocks-post-footer-left\"><\/div><div class=\"kt-blocks-post-footer-right\"><\/div><\/footer><\/div><\/div><\/article><\/div><\/div><!-- .wp-block-kadence-postgrid --><\/div><\/div>\n\n<\/div><\/div>\n\n<style>.kb-row-layout-wrap.wp-block-kadence-rowlayout.kb-row-layout-id895_02b6ca-10{margin-bottom:0px;}.kb-row-layout-id895_02b6ca-10 > .kt-row-column-wrap{align-content:start;}:where(.kb-row-layout-id895_02b6ca-10 > .kt-row-column-wrap) > .wp-block-kadence-column{justify-content:start;}.kb-row-layout-id895_02b6ca-10 > .kt-row-column-wrap{column-gap:var(--global-kb-gap-md, 2rem);row-gap:var(--global-kb-gap-md, 2rem);max-width:1200px;padding-top:var(--global-kb-spacing-sm, 1.5rem);padding-bottom:var(--global-kb-spacing-sm, 1.5rem);grid-template-columns:minmax(0, 1fr);}.kb-row-layout-id895_02b6ca-10 > .kt-row-layout-overlay{opacity:0.30;}@media all and (max-width: 1024px){.kb-row-layout-id895_02b6ca-10 > .kt-row-column-wrap{grid-template-columns:minmax(0, 1fr);}}@media all and (max-width: 767px){.kb-row-layout-id895_02b6ca-10 > .kt-row-column-wrap{grid-template-columns:minmax(0, 1fr);}}<\/style><div class=\"kb-row-layout-wrap kb-row-layout-id895_02b6ca-10 alignnone wp-block-kadence-rowlayout\"><div class=\"kt-row-column-wrap kt-has-1-columns kt-row-layout-equal kt-tab-layout-inherit kt-mobile-layout-row kt-row-valign-top kb-theme-content-width\">\n<style>.kadence-column895_4f53e0-f4 > .kt-inside-inner-col,.kadence-column895_4f53e0-f4 > .kt-inside-inner-col:before{border-top-left-radius:0px;border-top-right-radius:0px;border-bottom-right-radius:0px;border-bottom-left-radius:0px;}.kadence-column895_4f53e0-f4 > .kt-inside-inner-col{column-gap:var(--global-kb-gap-sm, 1rem);}.kadence-column895_4f53e0-f4 > .kt-inside-inner-col{flex-direction:column;}.kadence-column895_4f53e0-f4 > .kt-inside-inner-col > .aligncenter{width:100%;}.kadence-column895_4f53e0-f4 > .kt-inside-inner-col:before{opacity:0.3;}.kadence-column895_4f53e0-f4{position:relative;}@media all and (max-width: 1024px){.kadence-column895_4f53e0-f4 > .kt-inside-inner-col{flex-direction:column;justify-content:center;}}@media all and (max-width: 767px){.kadence-column895_4f53e0-f4 > .kt-inside-inner-col{flex-direction:column;justify-content:center;}}<\/style>\n<div class=\"wp-block-kadence-column kadence-column895_4f53e0-f4\"><div class=\"kt-inside-inner-col\"><style>.wp-block-kadence-advancedheading.kt-adv-heading895_8c4422-11, .wp-block-kadence-advancedheading.kt-adv-heading895_8c4422-11[data-kb-block=\"kb-adv-heading895_8c4422-11\"]{text-align:center;font-size:var(--global-kb-font-size-xl, 3rem);font-style:normal;color:#18afdf;}.wp-block-kadence-advancedheading.kt-adv-heading895_8c4422-11 mark.kt-highlight, .wp-block-kadence-advancedheading.kt-adv-heading895_8c4422-11[data-kb-block=\"kb-adv-heading895_8c4422-11\"] mark.kt-highlight{font-style:normal;color:#f76a0c;-webkit-box-decoration-break:clone;box-decoration-break:clone;padding-top:0px;padding-right:0px;padding-bottom:0px;padding-left:0px;}.wp-block-kadence-advancedheading.kt-adv-heading895_8c4422-11 img.kb-inline-image, .wp-block-kadence-advancedheading.kt-adv-heading895_8c4422-11[data-kb-block=\"kb-adv-heading895_8c4422-11\"] img.kb-inline-image{width:150px;vertical-align:baseline;}<\/style>\n<h2 class=\"kt-adv-heading895_8c4422-11 wp-block-kadence-advancedheading\" data-kb-block=\"kb-adv-heading895_8c4422-11\"><strong>Contacto<\/strong><\/h2>\n\n\n\n<p class=\"has-text-align-center\">Si tienes cualquier duda o pregunta, o quieres pedir un presupuesto sin compromiso, rellena este formulario y te responderemos lo m\u00e1s pronto posible. Tambi\u00e9n puedes llamarnos al <strong>93 870 20 01<\/strong>.<\/p>\n\n\n\n<div class=\"wpcf7 no-js\" id=\"wpcf7-f739-o1\" lang=\"ca\" dir=\"ltr\" data-wpcf7-id=\"739\">\n<div class=\"screen-reader-response\"><p role=\"status\" aria-live=\"polite\" aria-atomic=\"true\"><\/p> <ul><\/ul><\/div>\n<form action=\"\/es\/wp-json\/wp\/v2\/pages\/895#wpcf7-f739-o1\" method=\"post\" class=\"wpcf7-form init\" aria-label=\"Formulari de contacte\" novalidate=\"novalidate\" data-status=\"init\">\n<fieldset class=\"hidden-fields-container\"><input type=\"hidden\" name=\"_wpcf7\" value=\"739\" \/><input type=\"hidden\" name=\"_wpcf7_version\" value=\"6.1.5\" \/><input type=\"hidden\" name=\"_wpcf7_locale\" value=\"ca\" \/><input type=\"hidden\" name=\"_wpcf7_unit_tag\" value=\"wpcf7-f739-o1\" \/><input type=\"hidden\" name=\"_wpcf7_container_post\" value=\"0\" \/><input type=\"hidden\" name=\"_wpcf7_posted_data_hash\" value=\"\" \/>\n<\/fieldset>\n<div class=\"cf7-custom-style\">\n\t<div class=\"grid-50\">\n\t\t<p><span class=\"wpcf7-form-control-wrap\" data-name=\"text-774\"><input size=\"40\" maxlength=\"400\" class=\"wpcf7-form-control wpcf7-text wpcf7-validates-as-required\" aria-required=\"true\" aria-invalid=\"false\" placeholder=\"Nombre y apellido (obligatorio)\" value=\"\" type=\"text\" name=\"text-774\" \/><\/span>\n\t\t<\/p>\n\t\t<p><span class=\"wpcf7-form-control-wrap\" data-name=\"text-183\"><input size=\"40\" maxlength=\"400\" class=\"wpcf7-form-control wpcf7-text\" aria-invalid=\"false\" placeholder=\"Centro escolar\" value=\"\" type=\"text\" name=\"text-183\" \/><\/span>\n\t\t<\/p>\n\t\t<p><span class=\"wpcf7-form-control-wrap\" data-name=\"text-181\"><input size=\"40\" maxlength=\"400\" class=\"wpcf7-form-control wpcf7-text wpcf7-validates-as-required\" aria-required=\"true\" aria-invalid=\"false\" placeholder=\"Poblaci\u00f3n (obligatorio)\" value=\"\" type=\"text\" name=\"text-181\" \/><\/span>\n\t\t<\/p>\n\t\t<p><span class=\"wpcf7-form-control-wrap\" data-name=\"text-860\"><input size=\"40\" maxlength=\"400\" class=\"wpcf7-form-control wpcf7-text wpcf7-validates-as-required\" aria-required=\"true\" aria-invalid=\"false\" placeholder=\"Email (obligatorio)\" value=\"\" type=\"text\" name=\"text-860\" \/><\/span>\n\t\t<\/p>\n\t\t<p><span class=\"wpcf7-form-control-wrap\" data-name=\"text-636\"><input size=\"40\" maxlength=\"400\" class=\"wpcf7-form-control wpcf7-text\" aria-invalid=\"false\" placeholder=\"Tel\u00e9fono\" value=\"\" type=\"text\" name=\"text-636\" \/><\/span>\n\t\t<\/p>\n\t<\/div>\n\t<div class=\"grid-50\">\n\t\t<p><span class=\"wpcf7-form-control-wrap\" data-name=\"textarea-236\"><textarea cols=\"40\" rows=\"10\" maxlength=\"2000\" class=\"wpcf7-form-control wpcf7-textarea wpcf7-validates-as-required\" aria-required=\"true\" aria-invalid=\"false\" placeholder=\"Tu mensaje\" name=\"textarea-236\"><\/textarea><\/span>\n\t\t<\/p>\n\t<\/div>\n\t<div class=\"grid-50\">\n\t\t<p><input class=\"wpcf7-form-control wpcf7-submit has-spinner enviar\" type=\"submit\" value=\"Enviar\" \/><br \/>\n<span class=\"wpcf7-form-control-wrap\" data-name=\"checkbox-3267\"><span class=\"wpcf7-form-control wpcf7-checkbox wpcf7-validates-as-required\"><span class=\"wpcf7-list-item first last\"><input type=\"checkbox\" name=\"checkbox-3267[]\" value=\"&nbsp;He le\u00eddo y aceptado la&nbsp;\" \/><span class=\"wpcf7-list-item-label\">&nbsp;He le\u00eddo y aceptado la&nbsp;<\/span><\/span><\/span><\/span><a href=\"https:\/\/www.happyenglish.cat\/es\/aviso-legal\/\">cla\u00fasula de confidencialidad<\/a>.<br \/>\n<span class=\"wpcf7-form-control-wrap\" data-name=\"checkbox-326\"><span class=\"wpcf7-form-control wpcf7-checkbox\"><span class=\"wpcf7-list-item first last\"><input type=\"checkbox\" name=\"checkbox-326[]\" value=\"&nbsp;Acepto recibir noticias y ofertas de Cambridge School.\" \/><span class=\"wpcf7-list-item-label\">&nbsp;Acepto recibir noticias y ofertas de Cambridge School.<\/span><\/span><\/span><\/span>\n\t\t<\/p>\n\t<\/div>\n<\/div><p style=\"display: none !important;\" class=\"akismet-fields-container\" data-prefix=\"_wpcf7_ak_\"><label>&#916;<textarea name=\"_wpcf7_ak_hp_textarea\" cols=\"45\" rows=\"8\" maxlength=\"100\"><\/textarea><\/label><input type=\"hidden\" id=\"ak_js_1\" name=\"_wpcf7_ak_js\" value=\"92\"\/><script>document.getElementById( \"ak_js_1\" ).setAttribute( \"value\", ( new Date() ).getTime() );<\/script><\/p><div class=\"wpcf7-response-output\" aria-hidden=\"true\"><\/div>\n<\/form>\n<\/div>\n\n<\/div><\/div>\n\n<\/div><\/div>","protected":false},"excerpt":{"rendered":"<p>Contacto Si tienes cualquier duda o pregunta, o quieres pedir un presupuesto sin compromiso, rellena este formulario y te responderemos lo m\u00e1s pronto posible. Tambi\u00e9n puedes llamarnos al 93 870 20 01.<\/p>\n","protected":false},"author":1,"featured_media":25,"parent":0,"menu_order":0,"comment_status":"closed","ping_status":"closed","template":"","meta":{"_editorskit_title_hidden":false,"_editorskit_reading_time":0,"_editorskit_is_block_options_detached":false,"_editorskit_block_options_position":"{}","_kad_blocks_custom_css":"","_kad_blocks_head_custom_js":"","_kad_blocks_body_custom_js":"","_kad_blocks_footer_custom_js":"","generate_page_header":"","footnotes":""},"class_list":{"0":"post-895","1":"page","2":"type-page","3":"status-publish","4":"has-post-thumbnail","6":"no-featured-image-padding"},"taxonomy_info":[],"featured_image_src_large":["https:\/\/www.happyenglish.cat\/wp-content\/uploads\/2018\/01\/Happy-english-comunicacio-families-1024x307.jpg",1024,307,true],"author_info":{"display_name":"master","author_link":"https:\/\/www.happyenglish.cat\/es\/author\/master\/"},"comment_info":0,"_links":{"self":[{"href":"https:\/\/www.happyenglish.cat\/es\/wp-json\/wp\/v2\/pages\/895","targetHints":{"allow":["GET"]}}],"collection":[{"href":"https:\/\/www.happyenglish.cat\/es\/wp-json\/wp\/v2\/pages"}],"about":[{"href":"https:\/\/www.happyenglish.cat\/es\/wp-json\/wp\/v2\/types\/page"}],"author":[{"embeddable":true,"href":"https:\/\/www.happyenglish.cat\/es\/wp-json\/wp\/v2\/users\/1"}],"replies":[{"embeddable":true,"href":"https:\/\/www.happyenglish.cat\/es\/wp-json\/wp\/v2\/comments?post=895"}],"version-history":[{"count":12,"href":"https:\/\/www.happyenglish.cat\/es\/wp-json\/wp\/v2\/pages\/895\/revisions"}],"predecessor-version":[{"id":41024,"href":"https:\/\/www.happyenglish.cat\/es\/wp-json\/wp\/v2\/pages\/895\/revisions\/41024"}],"wp:featuredmedia":[{"embeddable":true,"href":"https:\/\/www.happyenglish.cat\/es\/wp-json\/wp\/v2\/media\/25"}],"wp:attachment":[{"href":"https:\/\/www.happyenglish.cat\/es\/wp-json\/wp\/v2\/media?parent=895"}],"curies":[{"name":"wp","href":"https:\/\/api.w.org\/{rel}","templated":true}]}}