{"id":900,"date":"2018-01-24T14:27:42","date_gmt":"2018-01-24T14:27:42","guid":{"rendered":"http:\/\/www.happyenglish.cat\/ampas-y-familias\/recursos-per-a-pares\/"},"modified":"2025-12-03T16:11:12","modified_gmt":"2025-12-03T16:11:12","slug":"recursos-para-las-familias","status":"publish","type":"page","link":"https:\/\/www.happyenglish.cat\/es\/recursos-para-las-familias\/","title":{"rendered":"Recursos para las familias"},"content":{"rendered":"<style>.kb-row-layout-wrap.wp-block-kadence-rowlayout.kb-row-layout-id900_1383ff-14{margin-bottom:0px;margin-top:50px;}.kb-row-layout-id900_1383ff-14 > .kt-row-column-wrap{align-content:start;}:where(.kb-row-layout-id900_1383ff-14 > .kt-row-column-wrap) > .wp-block-kadence-column{justify-content:start;}.kb-row-layout-id900_1383ff-14 > .kt-row-column-wrap{column-gap:var(--global-kb-gap-md, 2rem);row-gap:var(--global-kb-gap-md, 2rem);max-width:900px;margin-left:auto;margin-right:auto;padding-top:var(--global-kb-spacing-sm, 1.5rem);padding-bottom:var(--global-kb-spacing-sm, 1.5rem);grid-template-columns:minmax(0, 1fr);}.kb-row-layout-id900_1383ff-14 > .kt-row-layout-overlay{opacity:0.30;}@media all and (max-width: 1024px){.kb-row-layout-id900_1383ff-14 > .kt-row-column-wrap{grid-template-columns:minmax(0, 1fr);}}@media all and (max-width: 767px){.kb-row-layout-id900_1383ff-14 > .kt-row-column-wrap{grid-template-columns:minmax(0, 1fr);}}<\/style><div class=\"kb-row-layout-wrap kb-row-layout-id900_1383ff-14 alignnone wp-block-kadence-rowlayout\"><div class=\"kt-row-column-wrap kt-has-1-columns kt-row-layout-equal kt-tab-layout-inherit kt-mobile-layout-row kt-row-valign-top\">\n<style>.kadence-column900_f1d2c0-90 > .kt-inside-inner-col,.kadence-column900_f1d2c0-90 > .kt-inside-inner-col:before{border-top-left-radius:0px;border-top-right-radius:0px;border-bottom-right-radius:0px;border-bottom-left-radius:0px;}.kadence-column900_f1d2c0-90 > .kt-inside-inner-col{column-gap:var(--global-kb-gap-sm, 1rem);}.kadence-column900_f1d2c0-90 > .kt-inside-inner-col{flex-direction:column;}.kadence-column900_f1d2c0-90 > .kt-inside-inner-col > .aligncenter{width:100%;}.kadence-column900_f1d2c0-90 > .kt-inside-inner-col:before{opacity:0.3;}.kadence-column900_f1d2c0-90{position:relative;}@media all and (max-width: 1024px){.kadence-column900_f1d2c0-90 > .kt-inside-inner-col{flex-direction:column;justify-content:center;}}@media all and (max-width: 767px){.kadence-column900_f1d2c0-90 > .kt-inside-inner-col{flex-direction:column;justify-content:center;}}<\/style>\n<div class=\"wp-block-kadence-column kadence-column900_f1d2c0-90 inner-column-1\"><div class=\"kt-inside-inner-col\"><style>.wp-block-kadence-advancedheading.kt-adv-heading900_aceda2-52, .wp-block-kadence-advancedheading.kt-adv-heading900_aceda2-52[data-kb-block=\"kb-adv-heading900_aceda2-52\"]{font-size:40px;font-weight:normal;font-style:normal;}.wp-block-kadence-advancedheading.kt-adv-heading900_aceda2-52 mark.kt-highlight, .wp-block-kadence-advancedheading.kt-adv-heading900_aceda2-52[data-kb-block=\"kb-adv-heading900_aceda2-52\"] mark.kt-highlight{font-weight:normal;font-style:normal;color:#f76a0c;-webkit-box-decoration-break:clone;box-decoration-break:clone;padding-top:0px;padding-right:0px;padding-bottom:0px;padding-left:0px;}.wp-block-kadence-advancedheading.kt-adv-heading900_aceda2-52 img.kb-inline-image, .wp-block-kadence-advancedheading.kt-adv-heading900_aceda2-52[data-kb-block=\"kb-adv-heading900_aceda2-52\"] img.kb-inline-image{width:150px;vertical-align:baseline;}<\/style>\n<h2 class=\"kt-adv-heading900_aceda2-52 wp-block-kadence-advancedheading\" data-kb-block=\"kb-adv-heading900_aceda2-52\"><strong>Canciones<\/strong><\/h2>\n\n\n\n<ul class=\"wp-block-list\">\n<li><a href=\"https:\/\/supersimpleonline.com\/\" target=\"_blank\" rel=\"noreferrer noopener\">Super simple songs. Canciones, flashcards, worksheets para imprimir, manualidades\u2026<\/a><\/li>\n\n\n\n<li><a href=\"https:\/\/learnenglishkids.britishcouncil.org\/es\/songs?_ga=2.47799783.1511314493.1608043489-1619516649.1562166541\" target=\"_blank\" rel=\"noreferrer noopener\">Songs for kids &#8211; Learn English Kids de British Council. Video, juego y actividad para cada canci\u00f3n.<\/a><\/li>\n<\/ul>\n\n\n<style>.wp-block-kadence-advancedheading.kt-adv-heading900_b1338b-74, .wp-block-kadence-advancedheading.kt-adv-heading900_b1338b-74[data-kb-block=\"kb-adv-heading900_b1338b-74\"]{font-size:40px;font-weight:normal;font-style:normal;}.wp-block-kadence-advancedheading.kt-adv-heading900_b1338b-74 mark.kt-highlight, .wp-block-kadence-advancedheading.kt-adv-heading900_b1338b-74[data-kb-block=\"kb-adv-heading900_b1338b-74\"] mark.kt-highlight{font-weight:normal;font-style:normal;color:#f76a0c;-webkit-box-decoration-break:clone;box-decoration-break:clone;padding-top:0px;padding-right:0px;padding-bottom:0px;padding-left:0px;}.wp-block-kadence-advancedheading.kt-adv-heading900_b1338b-74 img.kb-inline-image, .wp-block-kadence-advancedheading.kt-adv-heading900_b1338b-74[data-kb-block=\"kb-adv-heading900_b1338b-74\"] img.kb-inline-image{width:150px;vertical-align:baseline;}<\/style>\n<h2 class=\"kt-adv-heading900_b1338b-74 wp-block-kadence-advancedheading\" data-kb-block=\"kb-adv-heading900_b1338b-74\"><strong>Libros escolares<\/strong><\/h2>\n\n\n\n<ul class=\"wp-block-list\">\n<li><a href=\"https:\/\/contingutsanglesinfantil.blogspot.com\/\" target=\"_blank\" rel=\"noreferrer noopener\">SPLASH para Infantil: En este blog pod\u00e9is consultar los contenidos trabajados en clase durante el curso, con el vocabulario de cada unidad y letras y ficheros de audio de las canciones, para cantarlas en casa con vuestros hijos.<\/a><\/li>\n\n\n\n<li><a href=\"http:\/\/www.kidsboxapps.es\/kb1.php\" target=\"_blank\" rel=\"noreferrer noopener\">Kids\u2019 Box para N2 \u2013 canciones, cuentos\u2026<\/a><\/li>\n\n\n\n<li><a href=\"https:\/\/www.macmillaneducationeverywhere.com\/\" target=\"_blank\" rel=\"noreferrer noopener\">Footprints para N2 hasta N6 \u2013 audios, worksheets<\/a><\/li>\n\n\n\n<li><a href=\"https:\/\/www.storylineonline.net\/\" target=\"_blank\" rel=\"noreferrer noopener\">Storyline Online &#8211; libros infantiles le\u00eddos por actores y actrices<\/a><\/li>\n\n\n\n<li><a href=\"https:\/\/home.oxfordowl.co.uk\/books\/free-ebooks\/\" target=\"_blank\" rel=\"noreferrer noopener\">Oxford Reading Tree &#8211; biblioteca de ebooks gratuitos<\/a><\/li>\n<\/ul>\n\n\n<style>.wp-block-kadence-advancedheading.kt-adv-heading900_c6df42-87, .wp-block-kadence-advancedheading.kt-adv-heading900_c6df42-87[data-kb-block=\"kb-adv-heading900_c6df42-87\"]{font-size:40px;font-weight:normal;font-style:normal;}.wp-block-kadence-advancedheading.kt-adv-heading900_c6df42-87 mark.kt-highlight, .wp-block-kadence-advancedheading.kt-adv-heading900_c6df42-87[data-kb-block=\"kb-adv-heading900_c6df42-87\"] mark.kt-highlight{font-weight:normal;font-style:normal;color:#f76a0c;-webkit-box-decoration-break:clone;box-decoration-break:clone;padding-top:0px;padding-right:0px;padding-bottom:0px;padding-left:0px;}.wp-block-kadence-advancedheading.kt-adv-heading900_c6df42-87 img.kb-inline-image, .wp-block-kadence-advancedheading.kt-adv-heading900_c6df42-87[data-kb-block=\"kb-adv-heading900_c6df42-87\"] img.kb-inline-image{width:150px;vertical-align:baseline;}<\/style>\n<h2 class=\"kt-adv-heading900_c6df42-87 wp-block-kadence-advancedheading\" data-kb-block=\"kb-adv-heading900_c6df42-87\"><strong>Juegos<\/strong><\/h2>\n\n\n\n<ul class=\"wp-block-list\">\n<li><a href=\"https:\/\/www.cambridgeenglish.org\/learning-english\/parents-and-children\/activities-for-children\/\" target=\"_blank\" rel=\"noreferrer noopener\">Cambridge English \u2013 juegos y actividades online para Young Learners<\/a><\/li>\n\n\n\n<li><a href=\"http:\/\/learnenglishkids.britishcouncil.org\/en\/fun-games\" target=\"_blank\" rel=\"noreferrer noopener\">British Council \u2013 Fun and games<\/a><\/li>\n\n\n\n<li><a href=\"http:\/\/www.duckduckmoose.com\/\" target=\"_blank\" rel=\"noreferrer noopener\">Duck Duck Moose \u2013 apps educativas en ingles<\/a><\/li>\n\n\n\n<li><a href=\"https:\/\/www.funbrain.com\/\" target=\"_blank\" rel=\"noreferrer noopener\">Fun Brain \u2013 videos, libros, juegos, por edades<\/a><\/li>\n\n\n\n<li><a href=\"https:\/\/www.abcya.com\/\" target=\"_blank\" rel=\"noreferrer noopener\">ABCya games &#8211; juegos educativos de gram\u00e1tica, matem\u00e1ticas, etc. en ingl\u00e9s<\/a><\/li>\n\n\n\n<li><a href=\"https:\/\/kids.nationalgeographic.com\/games\/\" target=\"_blank\" rel=\"noreferrer noopener\">National Geographic Kids games<\/a><\/li>\n\n\n\n<li><a href=\"https:\/\/www.koalatext.com\/login\" data-type=\"link\" data-id=\"https:\/\/www.koalatext.com\/login\" target=\"_blank\" rel=\"noreferrer noopener\">Koala text &#8211; audios, videos, juegos, gram\u00e1tica&#8230; por cursos y edades<\/a><\/li>\n\n\n\n<li><a href=\"https:\/\/www.mundoprimaria.com\/juegos-educativos\/juegos-de-ingles\" target=\"_blank\" rel=\"noreferrer noopener\">Mundo primaria \u2013 juegos educativos de ingl\u00e9s: grammar, vocabulary, spelling and reading, por cursos&nbsp;&nbsp;<\/a><\/li>\n<\/ul>\n<\/div><\/div>\n\n<\/div><\/div>\n\n<style>.kb-row-layout-wrap.wp-block-kadence-rowlayout.kb-row-layout-id900_bb0372-48{margin-bottom:0px;}.kb-row-layout-id900_bb0372-48 > .kt-row-column-wrap{align-content:start;}:where(.kb-row-layout-id900_bb0372-48 > .kt-row-column-wrap) > .wp-block-kadence-column{justify-content:start;}.kb-row-layout-id900_bb0372-48 > .kt-row-column-wrap{column-gap:var(--global-kb-gap-md, 2rem);row-gap:var(--global-kb-gap-md, 2rem);max-width:900px;margin-left:auto;margin-right:auto;padding-top:var(--global-kb-spacing-sm, 1.5rem);padding-bottom:var(--global-kb-spacing-sm, 1.5rem);grid-template-columns:minmax(0, 1fr);}.kb-row-layout-id900_bb0372-48 > .kt-row-layout-overlay{opacity:0.30;}@media all and (max-width: 1024px){.kb-row-layout-id900_bb0372-48 > .kt-row-column-wrap{grid-template-columns:minmax(0, 1fr);}}@media all and (max-width: 767px){.kb-row-layout-id900_bb0372-48 > .kt-row-column-wrap{grid-template-columns:minmax(0, 1fr);}}<\/style><div class=\"kb-row-layout-wrap kb-row-layout-id900_bb0372-48 alignnone wp-block-kadence-rowlayout\"><div class=\"kt-row-column-wrap kt-has-1-columns kt-row-layout-equal kt-tab-layout-inherit kt-mobile-layout-row kt-row-valign-top\">\n<style>.kadence-column900_f27238-1f > .kt-inside-inner-col,.kadence-column900_f27238-1f > .kt-inside-inner-col:before{border-top-left-radius:0px;border-top-right-radius:0px;border-bottom-right-radius:0px;border-bottom-left-radius:0px;}.kadence-column900_f27238-1f > .kt-inside-inner-col{column-gap:var(--global-kb-gap-sm, 1rem);}.kadence-column900_f27238-1f > .kt-inside-inner-col{flex-direction:column;}.kadence-column900_f27238-1f > .kt-inside-inner-col > .aligncenter{width:100%;}.kadence-column900_f27238-1f > .kt-inside-inner-col:before{opacity:0.3;}.kadence-column900_f27238-1f{position:relative;}@media all and (max-width: 1024px){.kadence-column900_f27238-1f > .kt-inside-inner-col{flex-direction:column;justify-content:center;}}@media all and (max-width: 767px){.kadence-column900_f27238-1f > .kt-inside-inner-col{flex-direction:column;justify-content:center;}}<\/style>\n<div class=\"wp-block-kadence-column kadence-column900_f27238-1f inner-column-1\"><div class=\"kt-inside-inner-col\"><style>.kb-row-layout-wrap.wp-block-kadence-rowlayout.kb-row-layout-id900_6d3193-3f{margin-bottom:0px;}.kb-row-layout-id900_6d3193-3f > .kt-row-column-wrap{align-content:start;}:where(.kb-row-layout-id900_6d3193-3f > .kt-row-column-wrap) > .wp-block-kadence-column{justify-content:start;}.kb-row-layout-id900_6d3193-3f > .kt-row-column-wrap{column-gap:var(--global-kb-gap-md, 2rem);row-gap:var(--global-kb-gap-md, 2rem);padding-top:var(--global-kb-spacing-sm, 1.5rem);padding-bottom:var(--global-kb-spacing-sm, 1.5rem);grid-template-columns:minmax(0, 1fr);}.kb-row-layout-id900_6d3193-3f > .kt-row-layout-overlay{opacity:0.30;}@media all and (max-width: 1024px){.kb-row-layout-id900_6d3193-3f > .kt-row-column-wrap{grid-template-columns:minmax(0, 1fr);}}@media all and (max-width: 767px){.kb-row-layout-id900_6d3193-3f > .kt-row-column-wrap{grid-template-columns:minmax(0, 1fr);}}<\/style><div class=\"kb-row-layout-wrap kb-row-layout-id900_6d3193-3f alignnone wp-block-kadence-rowlayout\"><div class=\"kt-row-column-wrap kt-has-1-columns kt-row-layout-equal kt-tab-layout-inherit kt-mobile-layout-row kt-row-valign-top\">\n<style>.kadence-column900_1c832f-cd > .kt-inside-inner-col,.kadence-column900_1c832f-cd > .kt-inside-inner-col:before{border-top-left-radius:0px;border-top-right-radius:0px;border-bottom-right-radius:0px;border-bottom-left-radius:0px;}.kadence-column900_1c832f-cd > .kt-inside-inner-col{column-gap:var(--global-kb-gap-sm, 1rem);}.kadence-column900_1c832f-cd > .kt-inside-inner-col{flex-direction:column;}.kadence-column900_1c832f-cd > .kt-inside-inner-col > .aligncenter{width:100%;}.kadence-column900_1c832f-cd > .kt-inside-inner-col:before{opacity:0.3;}.kadence-column900_1c832f-cd{position:relative;}@media all and (max-width: 1024px){.kadence-column900_1c832f-cd > .kt-inside-inner-col{flex-direction:column;justify-content:center;}}@media all and (max-width: 767px){.kadence-column900_1c832f-cd > .kt-inside-inner-col{flex-direction:column;justify-content:center;}}<\/style>\n<div class=\"wp-block-kadence-column kadence-column900_1c832f-cd inner-column-1\"><div class=\"kt-inside-inner-col\"><style>.wp-block-kadence-advancedheading.kt-adv-heading900_0db8b0-8d, .wp-block-kadence-advancedheading.kt-adv-heading900_0db8b0-8d[data-kb-block=\"kb-adv-heading900_0db8b0-8d\"]{text-align:center;font-size:50px;font-weight:normal;font-style:normal;}.wp-block-kadence-advancedheading.kt-adv-heading900_0db8b0-8d mark.kt-highlight, .wp-block-kadence-advancedheading.kt-adv-heading900_0db8b0-8d[data-kb-block=\"kb-adv-heading900_0db8b0-8d\"] mark.kt-highlight{font-weight:normal;font-style:normal;color:#f76a0c;-webkit-box-decoration-break:clone;box-decoration-break:clone;padding-top:0px;padding-right:0px;padding-bottom:0px;padding-left:0px;}.wp-block-kadence-advancedheading.kt-adv-heading900_0db8b0-8d img.kb-inline-image, .wp-block-kadence-advancedheading.kt-adv-heading900_0db8b0-8d[data-kb-block=\"kb-adv-heading900_0db8b0-8d\"] img.kb-inline-image{width:150px;vertical-align:baseline;}<\/style>\n<h2 class=\"kt-adv-heading900_0db8b0-8d wp-block-kadence-advancedheading has-vivid-green-cyan-color has-text-color\" data-kb-block=\"kb-adv-heading900_0db8b0-8d\">Contacto<\/h2>\n\n\n\n<p>Si tienes cualquier duda o pregunta, o quieres pedir un presupuesto sin compromiso, rellena este formulario y te responderemos lo m\u00e1s pronto posible. Tambi\u00e9n puedes llamarnos al <strong>93 870 20 01<\/strong>.<\/p>\n\n\n\n<div class=\"wpcf7 no-js\" id=\"wpcf7-f739-o1\" lang=\"ca\" dir=\"ltr\" data-wpcf7-id=\"739\">\n<div class=\"screen-reader-response\"><p role=\"status\" aria-live=\"polite\" aria-atomic=\"true\"><\/p> <ul><\/ul><\/div>\n<form action=\"\/es\/wp-json\/wp\/v2\/pages\/900#wpcf7-f739-o1\" method=\"post\" class=\"wpcf7-form init\" aria-label=\"Formulari de contacte\" novalidate=\"novalidate\" data-status=\"init\">\n<fieldset class=\"hidden-fields-container\"><input type=\"hidden\" name=\"_wpcf7\" value=\"739\" \/><input type=\"hidden\" name=\"_wpcf7_version\" value=\"6.1.5\" \/><input type=\"hidden\" name=\"_wpcf7_locale\" value=\"ca\" \/><input type=\"hidden\" name=\"_wpcf7_unit_tag\" value=\"wpcf7-f739-o1\" \/><input type=\"hidden\" name=\"_wpcf7_container_post\" value=\"0\" \/><input type=\"hidden\" name=\"_wpcf7_posted_data_hash\" value=\"\" \/>\n<\/fieldset>\n<div class=\"cf7-custom-style\">\n\t<div class=\"grid-50\">\n\t\t<p><span class=\"wpcf7-form-control-wrap\" data-name=\"text-774\"><input size=\"40\" maxlength=\"400\" class=\"wpcf7-form-control wpcf7-text wpcf7-validates-as-required\" aria-required=\"true\" aria-invalid=\"false\" placeholder=\"Nombre y apellido (obligatorio)\" value=\"\" type=\"text\" name=\"text-774\" \/><\/span>\n\t\t<\/p>\n\t\t<p><span class=\"wpcf7-form-control-wrap\" data-name=\"text-183\"><input size=\"40\" maxlength=\"400\" class=\"wpcf7-form-control wpcf7-text\" aria-invalid=\"false\" placeholder=\"Centro escolar\" value=\"\" type=\"text\" name=\"text-183\" \/><\/span>\n\t\t<\/p>\n\t\t<p><span class=\"wpcf7-form-control-wrap\" data-name=\"text-181\"><input size=\"40\" maxlength=\"400\" class=\"wpcf7-form-control wpcf7-text wpcf7-validates-as-required\" aria-required=\"true\" aria-invalid=\"false\" placeholder=\"Poblaci\u00f3n (obligatorio)\" value=\"\" type=\"text\" name=\"text-181\" \/><\/span>\n\t\t<\/p>\n\t\t<p><span class=\"wpcf7-form-control-wrap\" data-name=\"text-860\"><input size=\"40\" maxlength=\"400\" class=\"wpcf7-form-control wpcf7-text wpcf7-validates-as-required\" aria-required=\"true\" aria-invalid=\"false\" placeholder=\"Email (obligatorio)\" value=\"\" type=\"text\" name=\"text-860\" \/><\/span>\n\t\t<\/p>\n\t\t<p><span class=\"wpcf7-form-control-wrap\" data-name=\"text-636\"><input size=\"40\" maxlength=\"400\" class=\"wpcf7-form-control wpcf7-text\" aria-invalid=\"false\" placeholder=\"Tel\u00e9fono\" value=\"\" type=\"text\" name=\"text-636\" \/><\/span>\n\t\t<\/p>\n\t<\/div>\n\t<div class=\"grid-50\">\n\t\t<p><span class=\"wpcf7-form-control-wrap\" data-name=\"textarea-236\"><textarea cols=\"40\" rows=\"10\" maxlength=\"2000\" class=\"wpcf7-form-control wpcf7-textarea wpcf7-validates-as-required\" aria-required=\"true\" aria-invalid=\"false\" placeholder=\"Tu mensaje\" name=\"textarea-236\"><\/textarea><\/span>\n\t\t<\/p>\n\t<\/div>\n\t<div class=\"grid-50\">\n\t\t<p><input class=\"wpcf7-form-control wpcf7-submit has-spinner enviar\" type=\"submit\" value=\"Enviar\" \/><br \/>\n<span class=\"wpcf7-form-control-wrap\" data-name=\"checkbox-3267\"><span class=\"wpcf7-form-control wpcf7-checkbox wpcf7-validates-as-required\"><span class=\"wpcf7-list-item first last\"><input type=\"checkbox\" name=\"checkbox-3267[]\" value=\"&nbsp;He le\u00eddo y aceptado la&nbsp;\" \/><span class=\"wpcf7-list-item-label\">&nbsp;He le\u00eddo y aceptado la&nbsp;<\/span><\/span><\/span><\/span><a href=\"https:\/\/www.happyenglish.cat\/es\/aviso-legal\/\">cla\u00fasula de confidencialidad<\/a>.<br \/>\n<span class=\"wpcf7-form-control-wrap\" data-name=\"checkbox-326\"><span class=\"wpcf7-form-control wpcf7-checkbox\"><span class=\"wpcf7-list-item first last\"><input type=\"checkbox\" name=\"checkbox-326[]\" value=\"&nbsp;Acepto recibir noticias y ofertas de Cambridge School.\" \/><span class=\"wpcf7-list-item-label\">&nbsp;Acepto recibir noticias y ofertas de Cambridge School.<\/span><\/span><\/span><\/span>\n\t\t<\/p>\n\t<\/div>\n<\/div><p style=\"display: none !important;\" class=\"akismet-fields-container\" data-prefix=\"_wpcf7_ak_\"><label>&#916;<textarea name=\"_wpcf7_ak_hp_textarea\" cols=\"45\" rows=\"8\" maxlength=\"100\"><\/textarea><\/label><input type=\"hidden\" id=\"ak_js_1\" name=\"_wpcf7_ak_js\" value=\"169\"\/><script>document.getElementById( \"ak_js_1\" ).setAttribute( \"value\", ( new Date() ).getTime() );<\/script><\/p><div class=\"wpcf7-response-output\" aria-hidden=\"true\"><\/div>\n<\/form>\n<\/div>\n\n<\/div><\/div>\n\n<\/div><\/div><\/div><\/div>\n\n<\/div><\/div>\n\n\n<p><\/p>\n","protected":false},"excerpt":{"rendered":"<p>Canciones Libros escolares Juegos Contacto Si tienes cualquier duda o pregunta, o quieres pedir un presupuesto sin compromiso, rellena este formulario y te responderemos lo m\u00e1s pronto posible. Tambi\u00e9n puedes llamarnos al 93 870 20 01.<\/p>\n","protected":false},"author":1,"featured_media":25,"parent":0,"menu_order":0,"comment_status":"closed","ping_status":"closed","template":"","meta":{"_editorskit_title_hidden":false,"_editorskit_reading_time":1,"_editorskit_is_block_options_detached":false,"_editorskit_block_options_position":"{}","_kad_blocks_custom_css":"","_kad_blocks_head_custom_js":"","_kad_blocks_body_custom_js":"","_kad_blocks_footer_custom_js":"","generate_page_header":"","footnotes":""},"class_list":{"0":"post-900","1":"page","2":"type-page","3":"status-publish","4":"has-post-thumbnail","6":"no-featured-image-padding"},"taxonomy_info":[],"featured_image_src_large":["https:\/\/www.happyenglish.cat\/wp-content\/uploads\/2018\/01\/Happy-english-comunicacio-families-1024x307.jpg",1024,307,true],"author_info":{"display_name":"master","author_link":"https:\/\/www.happyenglish.cat\/es\/author\/master\/"},"comment_info":0,"_links":{"self":[{"href":"https:\/\/www.happyenglish.cat\/es\/wp-json\/wp\/v2\/pages\/900","targetHints":{"allow":["GET"]}}],"collection":[{"href":"https:\/\/www.happyenglish.cat\/es\/wp-json\/wp\/v2\/pages"}],"about":[{"href":"https:\/\/www.happyenglish.cat\/es\/wp-json\/wp\/v2\/types\/page"}],"author":[{"embeddable":true,"href":"https:\/\/www.happyenglish.cat\/es\/wp-json\/wp\/v2\/users\/1"}],"replies":[{"embeddable":true,"href":"https:\/\/www.happyenglish.cat\/es\/wp-json\/wp\/v2\/comments?post=900"}],"version-history":[{"count":30,"href":"https:\/\/www.happyenglish.cat\/es\/wp-json\/wp\/v2\/pages\/900\/revisions"}],"predecessor-version":[{"id":51587,"href":"https:\/\/www.happyenglish.cat\/es\/wp-json\/wp\/v2\/pages\/900\/revisions\/51587"}],"wp:featuredmedia":[{"embeddable":true,"href":"https:\/\/www.happyenglish.cat\/es\/wp-json\/wp\/v2\/media\/25"}],"wp:attachment":[{"href":"https:\/\/www.happyenglish.cat\/es\/wp-json\/wp\/v2\/media?parent=900"}],"curies":[{"name":"wp","href":"https:\/\/api.w.org\/{rel}","templated":true}]}}