{"id":902,"date":"2018-01-24T14:27:03","date_gmt":"2018-01-24T14:27:03","guid":{"rendered":"http:\/\/www.happyenglish.cat\/ampas-y-familias\/testimonis\/"},"modified":"2024-04-24T08:51:48","modified_gmt":"2024-04-24T08:51:48","slug":"testimonios","status":"publish","type":"page","link":"https:\/\/www.happyenglish.cat\/es\/testimonios\/","title":{"rendered":"Testimonios"},"content":{"rendered":"<style>.kadence-column902_b8faad-f0 > .kt-inside-inner-col,.kadence-column902_b8faad-f0 > .kt-inside-inner-col:before{border-top-left-radius:0px;border-top-right-radius:0px;border-bottom-right-radius:0px;border-bottom-left-radius:0px;}.kadence-column902_b8faad-f0 > .kt-inside-inner-col{column-gap:var(--global-kb-gap-sm, 1rem);}.kadence-column902_b8faad-f0 > .kt-inside-inner-col{flex-direction:column;}.kadence-column902_b8faad-f0 > .kt-inside-inner-col > .aligncenter{width:100%;}.kadence-column902_b8faad-f0 > .kt-inside-inner-col:before{opacity:0.3;}.kadence-column902_b8faad-f0{position:relative;}@media all and (max-width: 1024px){.kadence-column902_b8faad-f0 > .kt-inside-inner-col{flex-direction:column;justify-content:center;}}@media all and (max-width: 767px){.kadence-column902_b8faad-f0 > .kt-inside-inner-col{flex-direction:column;justify-content:center;}}<\/style>\n<div class=\"wp-block-kadence-column kadence-column902_b8faad-f0\"><div class=\"kt-inside-inner-col\"><style>.kb-row-layout-wrap.wp-block-kadence-rowlayout.kb-row-layout-id902_1239b2-60{margin-bottom:0px;}.kb-row-layout-id902_1239b2-60 > .kt-row-column-wrap{align-content:start;}:where(.kb-row-layout-id902_1239b2-60 > .kt-row-column-wrap) > .wp-block-kadence-column{justify-content:start;}.kb-row-layout-id902_1239b2-60 > .kt-row-column-wrap{column-gap:var(--global-kb-gap-md, 2rem);row-gap:var(--global-kb-gap-md, 2rem);max-width:1000px;margin-left:auto;margin-right:auto;padding-top:60px;padding-bottom:60px;grid-template-columns:minmax(0, 1fr);}.kb-row-layout-id902_1239b2-60 > .kt-row-layout-overlay{opacity:0.30;}.kb-row-layout-id902_1239b2-60 .kt-row-layout-bottom-sep{height:100px;}.kb-row-layout-id902_1239b2-60 .kt-row-layout-bottom-sep svg{width:100%;}.kb-row-layout-id902_1239b2-60 .kt-row-layout-bottom-sep svg{fill:#ffffff!important;}@media all and (max-width: 1024px){.kb-row-layout-id902_1239b2-60 > .kt-row-column-wrap{grid-template-columns:minmax(0, 1fr);}}@media all and (max-width: 1024px){.kb-row-layout-id902_1239b2-60 .kt-row-layout-bottom-sep{height:px;}}@media all and (max-width: 1024px){.kb-row-layout-id902_1239b2-60 .kt-row-layout-bottom-sep svg{width:%;}}@media all and (max-width: 767px){.kb-row-layout-id902_1239b2-60 > .kt-row-column-wrap{grid-template-columns:minmax(0, 1fr);}.kb-row-layout-id902_1239b2-60 .kt-row-layout-bottom-sep{height:px;}.kb-row-layout-id902_1239b2-60 .kt-row-layout-bottom-sep svg{width:%;}}<\/style><div class=\"kb-row-layout-wrap kb-row-layout-id902_1239b2-60 alignfull wp-block-kadence-rowlayout\"><div class=\"kt-row-column-wrap kt-has-1-columns kt-row-layout-equal kt-tab-layout-inherit kt-mobile-layout-row kt-row-valign-top\">\n<style>.kadence-column902_538ddf-0b > .kt-inside-inner-col,.kadence-column902_538ddf-0b > .kt-inside-inner-col:before{border-top-left-radius:0px;border-top-right-radius:0px;border-bottom-right-radius:0px;border-bottom-left-radius:0px;}.kadence-column902_538ddf-0b > .kt-inside-inner-col{column-gap:var(--global-kb-gap-sm, 1rem);}.kadence-column902_538ddf-0b > .kt-inside-inner-col{flex-direction:column;}.kadence-column902_538ddf-0b > .kt-inside-inner-col > .aligncenter{width:100%;}.kadence-column902_538ddf-0b > .kt-inside-inner-col:before{opacity:0.3;}.kadence-column902_538ddf-0b{position:relative;}@media all and (max-width: 1024px){.kadence-column902_538ddf-0b > .kt-inside-inner-col{flex-direction:column;justify-content:center;}}@media all and (max-width: 767px){.kadence-column902_538ddf-0b > .kt-inside-inner-col{flex-direction:column;justify-content:center;}}<\/style>\n<div class=\"wp-block-kadence-column kadence-column902_538ddf-0b inner-column-1\"><div class=\"kt-inside-inner-col\"><style>.kt-blocks-testimonials-wrap902_6849a7-80 .kt-svg-testimonial-global-icon{font-size:30px;}.kt-blocks-testimonials-wrap902_6849a7-80 .kt-testimonial-rating-wrap .kb-svg-icon-wrap{color:#ffd700;font-size:16px;}.kt-blocks-testimonials-wrap902_6849a7-80 .kt-testimonial-grid-wrap{gap:40px;}.kt-blocks-testimonials-wrap902_6849a7-80 .kt-blocks-testimonials-inner-wrap .kt-blocks-carousel-init:not(.splide-initialized):not(.tns-slider) .kb-slide-item{display:none;}.kt-blocks-testimonials-wrap902_6849a7-80 .kt-blocks-testimonials-inner-wrap .kt-blocks-carousel-init:not(.splide-initialized):not(.tns-slider) .kb-slide-item:nth-child(-n+2){padding-left:40px;display:block;float:left;width:calc(100% \/ 2);}.kt-blocks-testimonials-wrap902_6849a7-80 .kt-blocks-testimonials-inner-wrap .kt-blocks-carousel-init:not(.splide-initialized):not(.tns-slider){margin-left:-40px;}.wp-block-kadence-testimonials.kt-blocks-testimonials-wrap902_6849a7-80 .kt-testimonial-text-wrap:after{border-top-color:#eeeeee;}.kt-blocks-testimonials-wrap902_6849a7-80 .kt-testimonial-item-wrap .kt-testimonial-text-wrap{padding-top:20px;padding-right:20px;padding-bottom:20px;padding-left:20px;}.kt-blocks-testimonials-wrap902_6849a7-80 .kt-testimonial-content{color:#333333;}.kt-blocks-testimonials-wrap902_6849a7-80 .kt-testimonial-name{color:var(--contrast-2);font-size:var(--global-kb-font-size-md, 1.25rem);font-weight:bold;}.kt-blocks-testimonials-wrap902_6849a7-80 .kt-testimonial-occupation{color:var(--accent);font-size:15px;font-weight:400;}.kt-blocks-testimonials-wrap902_6849a7-80 .kt-testimonial-item-wrap{max-width:500px;}.kt-blocks-testimonials-wrap902_6849a7-80 .kt-testimonial-item-wrap .kt-testimonial-text-wrap{background:var(--base-2);max-width:500px;}@media all and (max-width: 1024px){.kt-blocks-testimonials-wrap902_6849a7-80 .kt-blocks-testimonials-inner-wrap .kt-blocks-carousel-init:not(.splide-initialized):not(.tns-slider) .kb-slide-item{display:none;}}@media all and (max-width: 1024px){.kt-blocks-testimonials-wrap902_6849a7-80 .kt-blocks-testimonials-inner-wrap .kt-blocks-carousel-init:not(.splide-initialized):not(.tns-slider) .kb-slide-item:nth-child(-n+2){padding-left:40px;display:block;float:left;width:calc(100% \/ 2);}}@media all and (max-width: 1024px){.kt-blocks-testimonials-wrap902_6849a7-80 .kt-blocks-testimonials-inner-wrap .kt-blocks-carousel-init:not(.splide-initialized):not(.tns-slider){margin-left:-40px;}}@media all and (max-width: 767px){.kt-blocks-testimonials-wrap902_6849a7-80 .kt-blocks-carousel .kt-blocks-testimonial-carousel-item{padding-top:px;padding-bottom:px;margin-top:px;margin-bottom:px;}.kt-blocks-testimonials-wrap902_6849a7-80 .kt-blocks-testimonials-inner-wrap .kt-blocks-carousel-init:not(.splide-initialized):not(.tns-slider) .kb-slide-item{display:none;}.kt-blocks-testimonials-wrap902_6849a7-80 .kt-blocks-testimonials-inner-wrap .kt-blocks-carousel-init:not(.splide-initialized):not(.tns-slider) .kb-slide-item:nth-child(-n+1){display:block;float:left;width:calc(100% \/ 1);padding-left:40px;}.kt-blocks-testimonials-wrap902_6849a7-80 .kt-blocks-testimonials-inner-wrap .kt-blocks-carousel-init:not(.splide-initialized):not(.tns-slider){margin-left:-40px;}}<\/style><div class=\"kt-blocks-testimonials-wrap902_6849a7-80 kt-testimonial-halign-center kt-testimonial-style-bubble kt-testimonials-media-off kt-testimonials-icon-off kt-testimonial-columns-2 kt-t-xxl-col-2 kt-t-xl-col-2 kt-t-lg-col-2 kt-t-md-col-2 kt-t-sm-col-1 kt-t-xs-col-1 wp-block-kadence-testimonials\"><div class=\"kt-blocks-testimonials-inner-wrap kt-blocks-carousel kt-carousel-container-dotstyle-dark kt-carousel-container-arrowstyle-blackonlight\"><div class=\"kt-blocks-carousel-init splide kb-gallery-carousel kt-carousel-arrowstyle-blackonlight kt-carousel-dotstyle-dark\" data-columns-xxl=\"2\" data-columns-xl=\"2\" data-columns-md=\"2\" data-columns-sm=\"2\" data-columns-xs=\"1\" data-columns-ss=\"1\" data-slider-anim-speed=\"400\" data-slider-scroll=\"1\" data-slider-type=\"loop\" data-slider-arrows=\"true\" data-slider-dots=\"true\" data-slider-hover-pause=\"false\" data-slider-auto=\"1\" data-slider-speed=\"7000\" data-slider-gap=\"40px\" data-slider-gap-tablet=\"40px\" data-slider-gap-mobile=\"40px\" data-show-pause-button=\"false\"><div class=\"splide__track\"><ul class=\"splide__list\">\n<li class=\"kt-blocks-testimonial-carousel-item kb-slide-item splide__slide\"><div class=\"kt-testimonial-item-wrap kt-testimonial-item-902_a24b51-f9 wp-block-kadence-testimonial\"><div class=\"kt-testimonial-text-wrap\"><div class=\"kt-testimonial-content-wrap\"><blockquote class=\"kt-testimonial-content\">Apunt\u00e9 a mi hijo el a\u00f1o pasado con miedo porque a\u00fan es muy peque\u00f1o y pensaba que no era necesario empezar tan pronto como en Infantil. Pero me decid\u00ed a apuntarlo y estoy muy contenta de haberlo hecho. Est\u00e1 muy motivado. Le gusta mucho.<\/blockquote><\/div><\/div><div class=\"kt-testimonial-meta-wrap\"><div class=\"kt-testimonial-meta-name-wrap\"><div class=\"kt-testimonial-name-wrap\"><div class=\"kt-testimonial-name\">Maria<\/div><\/div><div class=\"kt-testimonial-occupation-wrap\"><div class=\"kt-testimonial-occupation\">Madre del alumno<\/div><\/div><\/div><\/div><\/div><\/li>\n\n<li class=\"kt-blocks-testimonial-carousel-item kb-slide-item splide__slide\"><div class=\"kt-testimonial-item-wrap kt-testimonial-item-902_12d776-a3 wp-block-kadence-testimonial\"><div class=\"kt-testimonial-text-wrap\"><div class=\"kt-testimonial-content-wrap\"><blockquote class=\"kt-testimonial-content\">Estamos muy contentos tanto de los profesores Happy English como del equipo de coordinaci\u00f3n, John y N\u00faria. Ambos han demostrado ser muy profesionales. Y desde ya hace 2 a\u00f1os tambi\u00e9n tenemos a una auxiliar de conversaci\u00f3n en nuestro centro y creemos que ha sido una buena apuesta para introducir a\u00fan m\u00e1s el ingl\u00e9s en el centro.<\/blockquote><\/div><\/div><div class=\"kt-testimonial-meta-wrap\"><div class=\"kt-testimonial-meta-name-wrap\"><div class=\"kt-testimonial-name-wrap\"><div class=\"kt-testimonial-name\">Ampa<\/div><\/div><div class=\"kt-testimonial-occupation-wrap\"><div class=\"kt-testimonial-occupation\">Les Aig\u00fces<\/div><\/div><\/div><\/div><\/div><\/li>\n\n<li class=\"kt-blocks-testimonial-carousel-item kb-slide-item splide__slide\"><div class=\"kt-testimonial-item-wrap kt-testimonial-item-902_0f864f-65 wp-block-kadence-testimonial\"><div class=\"kt-testimonial-text-wrap\"><div class=\"kt-testimonial-content-wrap\"><blockquote class=\"kt-testimonial-content\">Ya es el segundo a\u00f1o que mi hija va a las clases Happy English en la escuela Joan Camps i Gir\u00f3 y tengo que decir que desde el principio ha ido muy contenta y con ganas de volver cada vez. Adem\u00e1s, se le ha notado mucho m\u00e1s inter\u00e9s en el ingl\u00e9s.<\/blockquote><\/div><\/div><div class=\"kt-testimonial-meta-wrap\"><div class=\"kt-testimonial-meta-name-wrap\"><div class=\"kt-testimonial-name-wrap\"><div class=\"kt-testimonial-name\">Josep<\/div><\/div><div class=\"kt-testimonial-occupation-wrap\"><div class=\"kt-testimonial-occupation\">Padre del alumno<\/div><\/div><\/div><\/div><\/div><\/li>\n<\/ul><\/div><\/div><\/div><\/div><\/div><\/div>\n\n<\/div><\/div>\n\n<style>.kb-row-layout-wrap.wp-block-kadence-rowlayout.kb-row-layout-id902_895494-d1{margin-bottom:0px;}.kb-row-layout-id902_895494-d1 > .kt-row-column-wrap{align-content:start;}:where(.kb-row-layout-id902_895494-d1 > .kt-row-column-wrap) > .wp-block-kadence-column{justify-content:start;}.kb-row-layout-id902_895494-d1 > .kt-row-column-wrap{column-gap:var(--global-kb-gap-md, 2rem);row-gap:var(--global-kb-gap-md, 2rem);max-width:1000px;margin-left:auto;margin-right:auto;padding-top:60px;padding-bottom:60px;grid-template-columns:minmax(0, 1fr);}.kb-row-layout-id902_895494-d1 > .kt-row-layout-overlay{opacity:0.30;}.kb-row-layout-id902_895494-d1 .kt-row-layout-bottom-sep{height:100px;}.kb-row-layout-id902_895494-d1 .kt-row-layout-bottom-sep svg{width:100%;}.kb-row-layout-id902_895494-d1 .kt-row-layout-bottom-sep svg{fill:#ffffff!important;}@media all and (max-width: 1024px){.kb-row-layout-id902_895494-d1 > .kt-row-column-wrap{grid-template-columns:minmax(0, 1fr);}}@media all and (max-width: 1024px){.kb-row-layout-id902_895494-d1 .kt-row-layout-bottom-sep{height:px;}}@media all and (max-width: 1024px){.kb-row-layout-id902_895494-d1 .kt-row-layout-bottom-sep svg{width:%;}}@media all and (max-width: 767px){.kb-row-layout-id902_895494-d1 > .kt-row-column-wrap{grid-template-columns:minmax(0, 1fr);}.kb-row-layout-id902_895494-d1 .kt-row-layout-bottom-sep{height:px;}.kb-row-layout-id902_895494-d1 .kt-row-layout-bottom-sep svg{width:%;}}<\/style><div class=\"kb-row-layout-wrap kb-row-layout-id902_895494-d1 alignfull wp-block-kadence-rowlayout\"><div class=\"kt-row-column-wrap kt-has-1-columns kt-row-layout-equal kt-tab-layout-inherit kt-mobile-layout-row kt-row-valign-top\">\n<style>.kadence-column902_da3ef3-2d > .kt-inside-inner-col,.kadence-column902_da3ef3-2d > .kt-inside-inner-col:before{border-top-left-radius:0px;border-top-right-radius:0px;border-bottom-right-radius:0px;border-bottom-left-radius:0px;}.kadence-column902_da3ef3-2d > .kt-inside-inner-col{column-gap:var(--global-kb-gap-sm, 1rem);}.kadence-column902_da3ef3-2d > .kt-inside-inner-col{flex-direction:column;}.kadence-column902_da3ef3-2d > .kt-inside-inner-col > .aligncenter{width:100%;}.kadence-column902_da3ef3-2d > .kt-inside-inner-col:before{opacity:0.3;}.kadence-column902_da3ef3-2d{position:relative;}@media all and (max-width: 1024px){.kadence-column902_da3ef3-2d > .kt-inside-inner-col{flex-direction:column;justify-content:center;}}@media all and (max-width: 767px){.kadence-column902_da3ef3-2d > .kt-inside-inner-col{flex-direction:column;justify-content:center;}}<\/style>\n<div class=\"wp-block-kadence-column kadence-column902_da3ef3-2d inner-column-1\"><div class=\"kt-inside-inner-col\"><style>.wp-block-kadence-advancedheading.kt-adv-heading902_4530c5-56, .wp-block-kadence-advancedheading.kt-adv-heading902_4530c5-56[data-kb-block=\"kb-adv-heading902_4530c5-56\"]{text-align:center;font-size:var(--global-kb-font-size-xl, 3rem);font-style:normal;color:#18afdf;}.wp-block-kadence-advancedheading.kt-adv-heading902_4530c5-56 mark.kt-highlight, .wp-block-kadence-advancedheading.kt-adv-heading902_4530c5-56[data-kb-block=\"kb-adv-heading902_4530c5-56\"] mark.kt-highlight{font-style:normal;color:#f76a0c;-webkit-box-decoration-break:clone;box-decoration-break:clone;padding-top:0px;padding-right:0px;padding-bottom:0px;padding-left:0px;}.wp-block-kadence-advancedheading.kt-adv-heading902_4530c5-56 img.kb-inline-image, .wp-block-kadence-advancedheading.kt-adv-heading902_4530c5-56[data-kb-block=\"kb-adv-heading902_4530c5-56\"] img.kb-inline-image{width:150px;vertical-align:baseline;}<\/style>\n<h2 class=\"kt-adv-heading902_4530c5-56 wp-block-kadence-advancedheading\" data-kb-block=\"kb-adv-heading902_4530c5-56\">Contacto<\/h2>\n\n\n\n<div class=\"wpcf7 no-js\" id=\"wpcf7-f739-o1\" lang=\"ca\" dir=\"ltr\" data-wpcf7-id=\"739\">\n<div class=\"screen-reader-response\"><p role=\"status\" aria-live=\"polite\" aria-atomic=\"true\"><\/p> <ul><\/ul><\/div>\n<form action=\"\/es\/wp-json\/wp\/v2\/pages\/902#wpcf7-f739-o1\" method=\"post\" class=\"wpcf7-form init\" aria-label=\"Formulari de contacte\" novalidate=\"novalidate\" data-status=\"init\">\n<fieldset class=\"hidden-fields-container\"><input type=\"hidden\" name=\"_wpcf7\" value=\"739\" \/><input type=\"hidden\" name=\"_wpcf7_version\" value=\"6.1.5\" \/><input type=\"hidden\" name=\"_wpcf7_locale\" value=\"ca\" \/><input type=\"hidden\" name=\"_wpcf7_unit_tag\" value=\"wpcf7-f739-o1\" \/><input type=\"hidden\" name=\"_wpcf7_container_post\" value=\"0\" \/><input type=\"hidden\" name=\"_wpcf7_posted_data_hash\" value=\"\" \/>\n<\/fieldset>\n<div class=\"cf7-custom-style\">\n\t<div class=\"grid-50\">\n\t\t<p><span class=\"wpcf7-form-control-wrap\" data-name=\"text-774\"><input size=\"40\" maxlength=\"400\" class=\"wpcf7-form-control wpcf7-text wpcf7-validates-as-required\" aria-required=\"true\" aria-invalid=\"false\" placeholder=\"Nombre y apellido (obligatorio)\" value=\"\" type=\"text\" name=\"text-774\" \/><\/span>\n\t\t<\/p>\n\t\t<p><span class=\"wpcf7-form-control-wrap\" data-name=\"text-183\"><input size=\"40\" maxlength=\"400\" class=\"wpcf7-form-control wpcf7-text\" aria-invalid=\"false\" placeholder=\"Centro escolar\" value=\"\" type=\"text\" name=\"text-183\" \/><\/span>\n\t\t<\/p>\n\t\t<p><span class=\"wpcf7-form-control-wrap\" data-name=\"text-181\"><input size=\"40\" maxlength=\"400\" class=\"wpcf7-form-control wpcf7-text wpcf7-validates-as-required\" aria-required=\"true\" aria-invalid=\"false\" placeholder=\"Poblaci\u00f3n (obligatorio)\" value=\"\" type=\"text\" name=\"text-181\" \/><\/span>\n\t\t<\/p>\n\t\t<p><span class=\"wpcf7-form-control-wrap\" data-name=\"text-860\"><input size=\"40\" maxlength=\"400\" class=\"wpcf7-form-control wpcf7-text wpcf7-validates-as-required\" aria-required=\"true\" aria-invalid=\"false\" placeholder=\"Email (obligatorio)\" value=\"\" type=\"text\" name=\"text-860\" \/><\/span>\n\t\t<\/p>\n\t\t<p><span class=\"wpcf7-form-control-wrap\" data-name=\"text-636\"><input size=\"40\" maxlength=\"400\" class=\"wpcf7-form-control wpcf7-text\" aria-invalid=\"false\" placeholder=\"Tel\u00e9fono\" value=\"\" type=\"text\" name=\"text-636\" \/><\/span>\n\t\t<\/p>\n\t<\/div>\n\t<div class=\"grid-50\">\n\t\t<p><span class=\"wpcf7-form-control-wrap\" data-name=\"textarea-236\"><textarea cols=\"40\" rows=\"10\" maxlength=\"2000\" class=\"wpcf7-form-control wpcf7-textarea wpcf7-validates-as-required\" aria-required=\"true\" aria-invalid=\"false\" placeholder=\"Tu mensaje\" name=\"textarea-236\"><\/textarea><\/span>\n\t\t<\/p>\n\t<\/div>\n\t<div class=\"grid-50\">\n\t\t<p><input class=\"wpcf7-form-control wpcf7-submit has-spinner enviar\" type=\"submit\" value=\"Enviar\" \/><br \/>\n<span class=\"wpcf7-form-control-wrap\" data-name=\"checkbox-3267\"><span class=\"wpcf7-form-control wpcf7-checkbox wpcf7-validates-as-required\"><span class=\"wpcf7-list-item first last\"><input type=\"checkbox\" name=\"checkbox-3267[]\" value=\"&nbsp;He le\u00eddo y aceptado la&nbsp;\" \/><span class=\"wpcf7-list-item-label\">&nbsp;He le\u00eddo y aceptado la&nbsp;<\/span><\/span><\/span><\/span><a href=\"https:\/\/www.happyenglish.cat\/es\/aviso-legal\/\">cla\u00fasula de confidencialidad<\/a>.<br \/>\n<span class=\"wpcf7-form-control-wrap\" data-name=\"checkbox-326\"><span class=\"wpcf7-form-control wpcf7-checkbox\"><span class=\"wpcf7-list-item first last\"><input type=\"checkbox\" name=\"checkbox-326[]\" value=\"&nbsp;Acepto recibir noticias y ofertas de Cambridge School.\" \/><span class=\"wpcf7-list-item-label\">&nbsp;Acepto recibir noticias y ofertas de Cambridge School.<\/span><\/span><\/span><\/span>\n\t\t<\/p>\n\t<\/div>\n<\/div><p style=\"display: none !important;\" class=\"akismet-fields-container\" data-prefix=\"_wpcf7_ak_\"><label>&#916;<textarea name=\"_wpcf7_ak_hp_textarea\" cols=\"45\" rows=\"8\" maxlength=\"100\"><\/textarea><\/label><input type=\"hidden\" id=\"ak_js_1\" name=\"_wpcf7_ak_js\" value=\"37\"\/><script>document.getElementById( \"ak_js_1\" ).setAttribute( \"value\", ( new Date() ).getTime() );<\/script><\/p><div class=\"wpcf7-response-output\" aria-hidden=\"true\"><\/div>\n<\/form>\n<\/div>\n\n<\/div><\/div>\n\n<\/div><\/div><\/div><\/div>\n","protected":false},"excerpt":{"rendered":"<p>Contacto<\/p>\n","protected":false},"author":1,"featured_media":25,"parent":0,"menu_order":0,"comment_status":"closed","ping_status":"closed","template":"","meta":{"_editorskit_title_hidden":false,"_editorskit_reading_time":0,"_editorskit_is_block_options_detached":false,"_editorskit_block_options_position":"{}","_kad_blocks_custom_css":"","_kad_blocks_head_custom_js":"","_kad_blocks_body_custom_js":"","_kad_blocks_footer_custom_js":"","generate_page_header":"","footnotes":""},"class_list":{"0":"post-902","1":"page","2":"type-page","3":"status-publish","4":"has-post-thumbnail","6":"no-featured-image-padding"},"taxonomy_info":[],"featured_image_src_large":["https:\/\/www.happyenglish.cat\/wp-content\/uploads\/2018\/01\/Happy-english-comunicacio-families-1024x307.jpg",1024,307,true],"author_info":{"display_name":"master","author_link":"https:\/\/www.happyenglish.cat\/es\/author\/master\/"},"comment_info":0,"_links":{"self":[{"href":"https:\/\/www.happyenglish.cat\/es\/wp-json\/wp\/v2\/pages\/902","targetHints":{"allow":["GET"]}}],"collection":[{"href":"https:\/\/www.happyenglish.cat\/es\/wp-json\/wp\/v2\/pages"}],"about":[{"href":"https:\/\/www.happyenglish.cat\/es\/wp-json\/wp\/v2\/types\/page"}],"author":[{"embeddable":true,"href":"https:\/\/www.happyenglish.cat\/es\/wp-json\/wp\/v2\/users\/1"}],"replies":[{"embeddable":true,"href":"https:\/\/www.happyenglish.cat\/es\/wp-json\/wp\/v2\/comments?post=902"}],"version-history":[{"count":14,"href":"https:\/\/www.happyenglish.cat\/es\/wp-json\/wp\/v2\/pages\/902\/revisions"}],"predecessor-version":[{"id":41026,"href":"https:\/\/www.happyenglish.cat\/es\/wp-json\/wp\/v2\/pages\/902\/revisions\/41026"}],"wp:featuredmedia":[{"embeddable":true,"href":"https:\/\/www.happyenglish.cat\/es\/wp-json\/wp\/v2\/media\/25"}],"wp:attachment":[{"href":"https:\/\/www.happyenglish.cat\/es\/wp-json\/wp\/v2\/media?parent=902"}],"curies":[{"name":"wp","href":"https:\/\/api.w.org\/{rel}","templated":true}]}}