{"id":905,"date":"2018-01-24T15:16:24","date_gmt":"2018-01-24T15:16:24","guid":{"rendered":"http:\/\/www.happyenglish.cat\/avis-legal\/"},"modified":"2018-06-21T09:34:13","modified_gmt":"2018-06-21T09:34:13","slug":"aviso-legal-y-politica-de-cookies","status":"publish","type":"page","link":"https:\/\/www.happyenglish.cat\/es\/aviso-legal-y-politica-de-cookies\/","title":{"rendered":"Av\u00edso legal y pol\u00edtica de cookies"},"content":{"rendered":"<h2>Av\u00edso legal<\/h2>\n<p>ADVANCE LANGUAGE TRAINING SERVICES, S.L. (en adelante ALTS)\u00a0es una escuela de idiomas con domicilio social sito en <span style=\"font-size: 16px;\">calle Aribau, 168 de Barcelona, con CIF\u00a0 B66848516, con C.I.F. \u00a0B-61104576. <\/span><span style=\"font-size: 16px;\">ALTS es titular del dominio de internet \u201chappyenglish\u201d, bajo el que figura el portal web www.happyenglish.cat y todos los subdominios y directorios incluidos bajo este.<\/span><\/p>\n<div class=\"clausula\">\n<p><strong>Informaci\u00f3n general<\/strong><\/p>\n<p>El acceso y uso de este portal quedan sujetos a las condiciones del presente Aviso Legal, sin perjuicio de que el acceso a determinados servicios pueda precisar la aceptaci\u00f3n de unas condiciones particulares.<\/p>\n<p>Todo uso que se haga del Portal o de los servicios en \u00e9l incluidos comportar\u00e1 la aceptaci\u00f3n de las condiciones legales de este Aviso Legal.<\/p>\n<p>El acceso al Portal y el uso correcto de la informaci\u00f3n que contiene son responsabilidad de quien realice estas acciones, por lo que ALTS no asumir\u00e1 responsabilidad alguna por el uso incorrecto, il\u00edcito o negligente que del mismo pudiera hacer el usuario.<\/p>\n<p><strong>Contenido<\/strong><\/p>\n<p>El objetivo del Portal es promocionar las actividades y servicios que realiza y presta ALTS, por lo que la informaci\u00f3n contenida en \u00e9l no constituye una oferta vinculante.<\/p>\n<p>El Portal podr\u00e1 contener art\u00edculos sobre temas de educaci\u00f3n, de cultura, de actualidad o de otra naturaleza, cuyo contenido reflejar\u00e1 la opini\u00f3n de sus autores, pero no necesariamente la de ALTS.<\/p>\n<p>ALTS no asumir\u00e1 responsabilidad alguna por el uso inadecuado de los contenidos de su sitio web.<\/p>\n<p>ALTS se reserva el derecho a realizar en todo momento cambios y modificaciones en los contenidos y\/o el dise\u00f1o del Portal sin previo aviso. Los contenidos del Portal se actualizan peri\u00f3dicamente. Dado que la actualizaci\u00f3n de la informaci\u00f3n no es inmediata, le sugerimos que compruebe siempre la vigencia y exactitud de la contenida en el Portal.<\/p>\n<p><strong>Propiedad intelectual e industrial<\/strong><\/p>\n<p>El dise\u00f1o, el contenido y los c\u00f3digos fuente del Portal, as\u00ed como el logotipo, las marcas y los restantes signos distintivos que aparecen en el mismo, pertenecen a ALTS y est\u00e1n protegidos por los correspondientes derechos de propiedad intelectual e industrial, por lo que su uso, reproducci\u00f3n, distribuci\u00f3n, comunicaci\u00f3n p\u00fablica, transformaci\u00f3n o cualquier otra actividad similar o an\u00e1loga queda totalmente prohibida, salvo en caso de contar al efecto con la previa autorizaci\u00f3n por escrito de ALTS.<\/p>\n<p><strong>Virus y errores tecnol\u00f3gicos<\/strong><\/p>\n<p>ALTS no controla ni garantiza la ausencia de virus ni de otros elementos en los contenidos que puedan producir alteraciones en el sistema inform\u00e1tico del usuario (software y hardware), los documentos o los archivos. Por tanto, CS no se hace responsable de los da\u00f1os o perjuicios que sufra el usuario por la existencia de virus u otros elementos en el Portal.<\/p>\n<p>ALTS no puede garantizar la ausencia de fallos tecnol\u00f3gicos, ni la permanente disponibilidad del Portal y de los servicios contenidos en el mismo y, por consiguiente, no asume ninguna responsabilidad por los da\u00f1os y perjuicios que puedan generarse por la falta de disponibilidad o por fallos en el acceso.<\/p>\n<p><strong>Seguridad de la informaci\u00f3n<\/strong><\/p>\n<p>ALTS no puede garantizar que las transmisiones de informaci\u00f3n a trav\u00e9s de internet sean totalmente seguras, ya que intervienen m\u00faltiples factores ajenos al control de ALTS. ALTS no se hace responsable de los da\u00f1os o perjuicios que el usuario pudiera sufrir por posibles contingencias en la transmisi\u00f3n de informaci\u00f3n, tales como la p\u00e9rdida de datos o accesos no autorizados de terceras personas.<\/p>\n<p>No obstante, le informamos de que ALTS mantiene una pol\u00edtica de seguridad de tratamiento de datos de car\u00e1cter personal de conformidad con la Ley Org\u00e1nica 15\/1999, de 13 de diciembre, de Protecci\u00f3n de Datos de Car\u00e1cter Personal.<\/p>\n<p><strong>Publicidad<\/strong><\/p>\n<p>En caso de que ALTS insertara publicidad de terceras empresas anunciantes que considerase de inter\u00e9s del usuario, le informamos de que ALTS no facilita informaci\u00f3n de usuario a los anunciantes, sino exclusivamente datos estad\u00edsticos an\u00f3nimos sobre la utilizaci\u00f3n del Portal, con la finalidad de que se pueda mejorar el servicio y ofrecer productos que se conformen a las expectativas de los usuarios.<\/p>\n<p>Con todo, ALTS le informa de que los anunciantes y proveedores pueden tener la posibilidad, a trav\u00e9s de las cookies, de obtener informaci\u00f3n sobre el usuario, los usos que hace de los servicios y sus movimientos a trav\u00e9s de la red. Por no tener vinculaci\u00f3n con los usos que de dicha informaci\u00f3n pueda realizar la empresa anunciante, ALTS no se hace responsable de la recogida de informaci\u00f3n por parte de estas empresas.<\/p>\n<p><strong>Enlaces a otras p\u00e1ginas web<\/strong><\/p>\n<p>ALTS puede facilitar en este sitio web enlaces a otras p\u00e1ginas web que crea de inter\u00e9s, pero no suscribe ni se responsabiliza obligatoriamente de los contenidos de estas p\u00e1ginas. La finalidad de publicar accesos a estas p\u00e1ginas es siempre informativa.<\/p>\n<p>No se permitir\u00e1 el enlace de ninguna p\u00e1gina web o de una direcci\u00f3n de correo electr\u00f3nico al Portal, salvo en caso de contar al efecto con la previa autorizaci\u00f3n escrita de ALTS, que podr\u00e1 ser revocada en todo momento. La creaci\u00f3n de un enlace de esta naturaleza no supondr\u00e1 ning\u00fan tipo de acuerdo, contrato, patrocinio ni recomendaci\u00f3n de la p\u00e1gina que la realice por parte de ALTS.<\/p>\n<p><strong>Cl\u00e1usula de confidencialidad<\/strong><\/p>\n<p>En cumplimiento de lo dispuesto en la Ley Org\u00e1nica 15\/1999, de 13 de diciembre, de Protecci\u00f3n de Datos de Car\u00e1cter Personal y del Reglamento 679\/2016, ALTS respetar\u00e1 la confidencialidad de los datos de car\u00e1cter personal aportados por los usuarios del Portal, conform\u00e1ndose a las disposiciones vigentes en materia de protecci\u00f3n de datos de car\u00e1cter personal.<\/p>\n<p>Al proporcionarnos sus datos de car\u00e1cter personal a trav\u00e9s de los formularios electr\u00f3nicos del Portal usted consiente que ALTS pueda tratar estos datos en los t\u00e9rminos establecidos en la presente cl\u00e1usula de confidencialidad.<\/p>\n<p>Le informamos de que ALTS es el responsable del archivo en el que sus datos personales recabados ser\u00e1n tratados confidencialmente con la \u00fanica finalidad de gestionar su solicitud y facilitarle informaci\u00f3n y\/o servicios que solicite, as\u00ed como aquellos que creamos que pueden ser de su inter\u00e9s. Asimismo, le informamos de que resulta imperativo responder a determinadas preguntas de los formularios, que vendr\u00e1n oportunamente se\u00f1aladas, para poder atender su petici\u00f3n.<\/p>\n<p>ALTS se compromete a no comunicar sus datos personales a terceros ajenos a ALTS. Se exceptuar\u00e1n aquellos supuestos en los que, atendiendo a la finalidad para la que se hubieran obtenido los datos, resulte preciso cederlos a personas que act\u00faen en nombre o representaci\u00f3n de ALTS o en relaci\u00f3n con el negocio de ALTS.<\/p>\n<p>Para ejercer los derechos de acceso, rectificaci\u00f3n, cancelaci\u00f3n y oposici\u00f3n vinculados a sus datos personales que pudieran obrar en nuestros archivos, puede dirigirse por correo a \u00abHappy English\u201d en calle Aribau, 168 de Barcelona, o bien enviar un correo electr\u00f3nico a la siguiente direcci\u00f3n: <a href=\"mailto:admin@happyenglish.cat\">admin@happyenglish.cat<\/a>.<\/p>\n<p>Para poder tratar su solicitud, necesitamos que preste su consentimiento a que ALTS pueda tratar y ceder estos datos con arreglo a las condiciones establecidas en la presente cl\u00e1usula de confidencialidad.<\/p>\n<\/div>\n<h3><\/h3>\n<h2>Pol\u00edtica de cookies<\/h2>\n<div class=\"clausula\">\n<p><strong>\u00bfQu\u00e9 son las\u00a0cookies?<\/strong><\/p>\n<p>Una\u00a0cookie\u00a0es un archivo que se descarga en su ordenador al acceder a determinadas p\u00e1ginas web. Las\u00a0cookies\u00a0permiten a una p\u00e1gina web, entre otras cosas, almacenar y recuperar informaci\u00f3n sobre los h\u00e1bitos de navegaci\u00f3n de un usuario o de su equipo y, dependiendo de la informaci\u00f3n que contengan y de la forma en que utilice su equipo, se pueden utilizar para reconocer al usuario.<\/p>\n<p><strong>\u00bfQu\u00e9 tipos de cookies utiliza esta p\u00e1gina web?<\/strong><\/p>\n<p>Asimismo, dependiendo de la finalidad para la que se utilizan, las cookies pueden ser:<\/p>\n<p>Cookies de Anal\u00edtica: recopilan informaci\u00f3n para evaluar el uso de la web y la actividad general de los mismos. La anal\u00edtica web es la medida, recopilaci\u00f3n, an\u00e1lisis e informe de datos de Internet a los efectos de la comprensi\u00f3n y la optimizaci\u00f3n del uso del sitio web.<\/p>\n<p>Cookies Sociales: son necesarias para las redes sociales externas (Facebook, Google, Twitter, Pinterest, etc.). Su funci\u00f3n es la de controlar la interacci\u00f3n con los widgets sociales dentro del sitio.<\/p>\n<p>Cookies de Afiliados: permiten rastrear visitas de otros sitios web, con quien Happy english tiene un acuerdo de afiliaci\u00f3n.<\/p>\n<p>Cookies de Publicidad y Conducta: proporcionan informaci\u00f3n sobre sus preferencias personales y las opciones en este sitio web. Permiten adaptar el contenido de la publicidad para que sea relevante para el usuario y para evitar mostrar anuncios que el usuario ya ha visto.<\/p>\n<p>Cookies T\u00e9cnicas: son estrictamente necesarias para el uso de este sitio web, lo que permite al usuario navegar a trav\u00e9s de la p\u00e1gina web o por la aplicaci\u00f3n y el uso de las diversas opciones o servicios existentes en el mismo.<\/p>\n<p>Personalizaci\u00f3n cookies: permiten a los usuarios acceder al servicio con algunas caracter\u00edsticas generales predefinidas en su ordenador o definidos por el usuario real. Por ejemplo, el idioma, el tipo de navegador a trav\u00e9s del cual se accede al servicio, el dise\u00f1o de los contenidos seleccionados, geolocalizaci\u00f3n del ordenador y la configuraci\u00f3n regional en el que se accede al servicio.<\/p>\n<p>Cookies de terceros: En algunas p\u00e1ginas web, puede instalar cookies de terceros que permiten gestionar y mejorar los servicios ofrecidos.<\/p>\n<p>La lista de las cookies utilizadas puede ser modificada en funci\u00f3n de la inclusi\u00f3n o exclusi\u00f3n de los servicios web y aplicaciones.<\/p>\n<p>Para gestionar las actividades de las cookies de su ordenador, puede aceptar expl\u00edcitamente, bloquear o borrar. Si no hace esto y continua navegando en la web, se entender\u00e1 que las acepta.<\/p>\n<p>Si usted desea en cualquier momento de retirar su consentimiento para el uso de cookies, debe eliminar las cookies almacenadas en su ordenador o dispositivo m\u00f3vil a trav\u00e9s de los ajustes y configuraciones de su navegador de Internet.<\/p>\n<p>Siga este\u00a0<a href=\"http:\/\/www.google.com\/intl\/es_ALL\/policies\/privacy\/\" target=\"_blank\" rel=\"noopener\">enlace<\/a>\u00a0donde puede consultar la pol\u00edtica de privacidad de estos servicios de Google.<\/p>\n<p><strong>Revocaci\u00f3n y eliminaci\u00f3n de cookies<\/strong><\/p>\n<ul>\n<li>Puede permitir, bloquear o eliminar las\u00a0cookies\u00a0instaladas en su dispositivo mediante la configuraci\u00f3n de las opciones del navegador instalado en su dispositivo.<\/li>\n<li>Para m\u00e1s informaci\u00f3n sobre el navegador\u00a0Firefox\u00a0pulse\u00a0<a href=\"http:\/\/support.mozilla.org\/es\/kb\/cookies-informacion-que-los-sitios-web-guardan-en-\" target=\"_blank\" rel=\"noopener\">aqu\u00ed<\/a>.<\/li>\n<li>Para m\u00e1s informaci\u00f3n sobre el navegador\u00a0Chrome\u00a0pulse\u00a0<a href=\"https:\/\/support.google.com\/chrome\/answer\/95647?hl=es\" target=\"_blank\" rel=\"noopener\">aqu\u00ed<\/a>.<\/li>\n<li>Para m\u00e1s informaci\u00f3n sobre el navegador\u00a0Explorer\u00a0pulse\u00a0<a href=\"http:\/\/windows.microsoft.com\/es-es\/internet-explorer\/delete-manage-cookies#ie=ie-11\" target=\"_blank\" rel=\"noopener\">aqu\u00ed<\/a>.<\/li>\n<li>Para m\u00e1s informaci\u00f3n sobre el navegador\u00a0Safari\u00a0pulse\u00a0<a href=\"http:\/\/support.apple.com\/kb\/HT1677?viewlocale=es_ES&amp;locale=es_ES\" target=\"_blank\" rel=\"noopener\">aqu\u00ed<\/a>.<\/li>\n<li>Para m\u00e1s informaci\u00f3n sobre el navegador\u00a0Opera\u00a0pulse\u00a0<a href=\"http:\/\/help.opera.com\/Mac\/12.10\/es-LA\/cookies.html\" target=\"_blank\" rel=\"noopener\">aqu\u00ed.<\/a><\/li>\n<\/ul>\n<\/div>\n","protected":false},"excerpt":{"rendered":"<p>Av\u00edso legal ADVANCE LANGUAGE TRAINING SERVICES, S.L. (en adelante ALTS)\u00a0es una escuela de idiomas con domicilio social sito en calle Aribau, 168 de Barcelona, con CIF\u00a0 B66848516, con C.I.F. \u00a0B-61104576. ALTS es titular del dominio de internet \u201chappyenglish\u201d, bajo el que figura el portal web www.happyenglish.cat y todos los subdominios y directorios incluidos bajo este. &#8230; <a title=\"Av\u00edso legal y pol\u00edtica de cookies\" class=\"read-more\" href=\"https:\/\/www.happyenglish.cat\/es\/aviso-legal-y-politica-de-cookies\/\" aria-label=\"Leer m\u00e1s sobre Av\u00edso legal y pol\u00edtica de cookies\">+<\/a><\/p>\n","protected":false},"author":1,"featured_media":137,"parent":0,"menu_order":0,"comment_status":"closed","ping_status":"closed","template":"","meta":{"_editorskit_title_hidden":false,"_editorskit_reading_time":0,"_editorskit_is_block_options_detached":false,"_editorskit_block_options_position":"{}","_kad_blocks_custom_css":"","_kad_blocks_head_custom_js":"","_kad_blocks_body_custom_js":"","_kad_blocks_footer_custom_js":"","generate_page_header":"","footnotes":""},"class_list":{"0":"post-905","1":"page","2":"type-page","3":"status-publish","4":"has-post-thumbnail","6":"no-featured-image-padding"},"taxonomy_info":[],"featured_image_src_large":["https:\/\/www.happyenglish.cat\/wp-content\/uploads\/2018\/01\/happy-at-homme-cambridge-school-1024x307.jpg",1024,307,true],"author_info":{"display_name":"master","author_link":"https:\/\/www.happyenglish.cat\/es\/author\/master\/"},"comment_info":0,"_links":{"self":[{"href":"https:\/\/www.happyenglish.cat\/es\/wp-json\/wp\/v2\/pages\/905","targetHints":{"allow":["GET"]}}],"collection":[{"href":"https:\/\/www.happyenglish.cat\/es\/wp-json\/wp\/v2\/pages"}],"about":[{"href":"https:\/\/www.happyenglish.cat\/es\/wp-json\/wp\/v2\/types\/page"}],"author":[{"embeddable":true,"href":"https:\/\/www.happyenglish.cat\/es\/wp-json\/wp\/v2\/users\/1"}],"replies":[{"embeddable":true,"href":"https:\/\/www.happyenglish.cat\/es\/wp-json\/wp\/v2\/comments?post=905"}],"version-history":[{"count":11,"href":"https:\/\/www.happyenglish.cat\/es\/wp-json\/wp\/v2\/pages\/905\/revisions"}],"predecessor-version":[{"id":1358,"href":"https:\/\/www.happyenglish.cat\/es\/wp-json\/wp\/v2\/pages\/905\/revisions\/1358"}],"wp:featuredmedia":[{"embeddable":true,"href":"https:\/\/www.happyenglish.cat\/es\/wp-json\/wp\/v2\/media\/137"}],"wp:attachment":[{"href":"https:\/\/www.happyenglish.cat\/es\/wp-json\/wp\/v2\/media?parent=905"}],"curies":[{"name":"wp","href":"https:\/\/api.w.org\/{rel}","templated":true}]}}