{"id":960,"date":"2018-01-24T14:29:20","date_gmt":"2018-01-24T14:29:20","guid":{"rendered":"http:\/\/www.happyenglish.cat\/treballa-amb-nosaltres\/"},"modified":"2023-07-07T14:35:00","modified_gmt":"2023-07-07T14:35:00","slug":"trabaja-con-nosotros","status":"publish","type":"page","link":"https:\/\/www.happyenglish.cat\/es\/trabaja-con-nosotros\/","title":{"rendered":"Trabaja con nosotros"},"content":{"rendered":"\n<p>Si tienes un nivel alto de ingl\u00e9s, te gusta trabajar con ni\u00f1os y est\u00e1s motivado para aprender t\u00e9cnicas de formaci\u00f3n en lengua extranjera, env\u00edanos tu CV a&nbsp;<a href=\"mailto:seleccio@happyenglish.cat\" target=\"_blank\" rel=\"noopener\">seleccio@happyenglish.cat<\/a>&nbsp;y nos pondremos en contacto contigo.<\/p>\n","protected":false},"excerpt":{"rendered":"<p>Si tienes un nivel alto de ingl\u00e9s, te gusta trabajar con ni\u00f1os y est\u00e1s motivado para aprender t\u00e9cnicas de formaci\u00f3n en lengua extranjera, env\u00edanos tu CV a&nbsp;seleccio@happyenglish.cat&nbsp;y nos pondremos en contacto contigo.<\/p>\n","protected":false},"author":1,"featured_media":36702,"parent":0,"menu_order":0,"comment_status":"closed","ping_status":"closed","template":"","meta":{"_editorskit_title_hidden":false,"_editorskit_reading_time":0,"_editorskit_is_block_options_detached":false,"_editorskit_block_options_position":"{}","_kad_blocks_custom_css":"","_kad_blocks_head_custom_js":"","_kad_blocks_body_custom_js":"","_kad_blocks_footer_custom_js":"","generate_page_header":"","footnotes":""},"class_list":{"0":"post-960","1":"page","2":"type-page","3":"status-publish","4":"has-post-thumbnail","6":"no-featured-image-padding"},"taxonomy_info":[],"featured_image_src_large":["https:\/\/www.happyenglish.cat\/wp-content\/uploads\/2023\/07\/treballa-amb-nosaltres-slider-1024x273.jpg",1024,273,true],"author_info":{"display_name":"master","author_link":"https:\/\/www.happyenglish.cat\/es\/author\/master\/"},"comment_info":0,"_links":{"self":[{"href":"https:\/\/www.happyenglish.cat\/es\/wp-json\/wp\/v2\/pages\/960","targetHints":{"allow":["GET"]}}],"collection":[{"href":"https:\/\/www.happyenglish.cat\/es\/wp-json\/wp\/v2\/pages"}],"about":[{"href":"https:\/\/www.happyenglish.cat\/es\/wp-json\/wp\/v2\/types\/page"}],"author":[{"embeddable":true,"href":"https:\/\/www.happyenglish.cat\/es\/wp-json\/wp\/v2\/users\/1"}],"replies":[{"embeddable":true,"href":"https:\/\/www.happyenglish.cat\/es\/wp-json\/wp\/v2\/comments?post=960"}],"version-history":[{"count":6,"href":"https:\/\/www.happyenglish.cat\/es\/wp-json\/wp\/v2\/pages\/960\/revisions"}],"predecessor-version":[{"id":36705,"href":"https:\/\/www.happyenglish.cat\/es\/wp-json\/wp\/v2\/pages\/960\/revisions\/36705"}],"wp:featuredmedia":[{"embeddable":true,"href":"https:\/\/www.happyenglish.cat\/es\/wp-json\/wp\/v2\/media\/36702"}],"wp:attachment":[{"href":"https:\/\/www.happyenglish.cat\/es\/wp-json\/wp\/v2\/media?parent=960"}],"curies":[{"name":"wp","href":"https:\/\/api.w.org\/{rel}","templated":true}]}}